{"id":514,"date":"2026-04-16T12:37:00","date_gmt":"2026-04-16T12:37:00","guid":{"rendered":"https:\/\/depcell.com\/?page_id=514"},"modified":"2026-04-18T12:11:22","modified_gmt":"2026-04-18T12:11:22","slug":"for-investors","status":"publish","type":"page","link":"https:\/\/depcell.com\/lv\/for-investors\/","title":{"rendered":"Investoriem"},"content":{"rendered":"<h1 class=\"wp-block-heading has-text-align-center ext-animate--on\">Investoriem<\/h1>\n\n\n\n<div class=\"wp-block-group ext-animate--on has-global-padding is-layout-constrained wp-block-group-is-layout-constrained\">\n<div class=\"wp-block-columns ext-animate--on is-layout-flex wp-container-core-columns-is-layout-28f84493 wp-block-columns-is-layout-flex\">\n<div class=\"wp-block-column ext-animate--on is-layout-flow wp-block-column-is-layout-flow\">\n<p class=\"has-text-align-center ext-animate--on\"><a href=\"https:\/\/depcell.com\/lv\/quick_investment_calculator\/\">\u0100trais invest\u012bciju un to atmaks\u0101\u0161an\u0101s kalkulators<\/a><\/p>\n<\/div>\n\n\n\n<div class=\"wp-block-column ext-animate--on is-layout-flow wp-block-column-is-layout-flow\">\n<p class=\"has-text-align-center ext-animate--on\"><a href=\"https:\/\/depcell.com\/lv\/advanced-investment-payback-calculator\/\" data-type=\"link\" data-id=\"https:\/\/depcell.com\/advanced-investment-payback-calculator\/\">Piel\u0101gots invest\u012bciju un to atmaks\u0101\u0161an\u0101s kalkulators<\/a><\/p>\n<\/div>\n<\/div>\n<\/div>","protected":false},"excerpt":{"rendered":"<p>For investors Quick Investment Payback Calculator Advanced Investment Payback Calculator<\/p>","protected":false},"author":1,"featured_media":0,"parent":0,"menu_order":0,"comment_status":"closed","ping_status":"closed","template":"for-investors-access-page","meta":{"_monsterinsights_skip_tracking":false,"_monsterinsights_sitenote_active":false,"_monsterinsights_sitenote_note":"","_monsterinsights_sitenote_category":0,"footnotes":""},"class_list":["post-514","page","type-page","status-publish","hentry"],"_links":{"self":[{"href":"https:\/\/depcell.com\/lv\/wp-json\/wp\/v2\/pages\/514","targetHints":{"allow":["GET"]}}],"collection":[{"href":"https:\/\/depcell.com\/lv\/wp-json\/wp\/v2\/pages"}],"about":[{"href":"https:\/\/depcell.com\/lv\/wp-json\/wp\/v2\/types\/page"}],"author":[{"embeddable":true,"href":"https:\/\/depcell.com\/lv\/wp-json\/wp\/v2\/users\/1"}],"replies":[{"embeddable":true,"href":"https:\/\/depcell.com\/lv\/wp-json\/wp\/v2\/comments?post=514"}],"version-history":[{"count":2,"href":"https:\/\/depcell.com\/lv\/wp-json\/wp\/v2\/pages\/514\/revisions"}],"predecessor-version":[{"id":517,"href":"https:\/\/depcell.com\/lv\/wp-json\/wp\/v2\/pages\/514\/revisions\/517"}],"wp:attachment":[{"href":"https:\/\/depcell.com\/lv\/wp-json\/wp\/v2\/media?parent=514"}],"curies":[{"name":"wp","href":"https:\/\/api.w.org\/{rel}","templated":true}]}}