{"id":311,"date":"2026-04-06T13:51:36","date_gmt":"2026-04-06T13:51:36","guid":{"rendered":"https:\/\/depcell.com\/?page_id=311"},"modified":"2026-04-06T14:39:42","modified_gmt":"2026-04-06T14:39:42","slug":"projects","status":"publish","type":"page","link":"https:\/\/depcell.com\/lv\/projects\/","title":{"rendered":"Projekti"},"content":{"rendered":"<p class=\"ext-animate--on\"><strong>Projects in progress (DEPCELL team involved):<\/strong><\/p>\n\n\n\n<details class=\"wp-block-details ext-animate--on is-layout-flow wp-block-details-is-layout-flow\"><summary>Affordable Sorting Validation for Accessible Stem Therapy (DEPCELL)<\/summary>\n<p>In Latvian: Pieejamas \u0161\u0137iro\u0161anas valid\u0113\u0161ana cilmes \u0161unu terapijai par pie\u0146emamu cenu:<\/p>\n\n\n\n<ul class=\"wp-block-list ext-animate--on\">\n<li>Grant No: OSI_PIP_BioPhoT-2025\/2-0096<\/li>\n\n\n\n<li class=\"ext-animate--on\">Implementation period: 28.02.2026 &#8211; 30.11.2026<\/li>\n\n\n\n<li class=\"ext-animate--on\">Budget: 190 000 EUR<\/li>\n\n\n\n<li class=\"ext-animate--on\">Project programme: BioPhot (<a href=\"https:\/\/biophot.lv\/\">https:\/\/biophot.lv\/<\/a>)<\/li>\n\n\n\n<li class=\"ext-animate--on\">Host institution: Riga Technical University (www.rtu.lv)<\/li>\n\n\n\n<li class=\"ext-animate--on\">Project No. IVPP-EM-Inov\u0101cija-2024\/1-0002, &#8216;Biomedical and Photonics Research Platform for the Creation of Innovative Products (BioPhoT)&#8217;<\/li>\n\n\n\n<li class=\"ext-animate--on\">Acknowlegment: Project No. IVPP-EM-Inov\u0101cija-2024\/1-0002, &#8216;Biomedical and Photonics Research Platform for the Creation of Innovative Products (BioPhoT)&#8217;, is implemented within the long-term national research programme &#8216;Innovation Fund &#8211; Long-Term Research Programme&#8217;, funded by the Ministry of Economics of the Republic of Latvia; the grant for this project is No. OSI_PIP_BioPhoT-2025\/2-0096.<\/li>\n<\/ul>\n<\/details>\n\n\n\n<details class=\"wp-block-details ext-animate--on is-layout-flow wp-block-details-is-layout-flow\"><summary>Innovative Extraction and In-Silico Optimization of Ag Nanochitosan Biocomposite Nanofibers for Advanced Wound and Burn Healing Applications (Silver-ChiCo)<\/summary>\n<p class=\"ext-animate--on\">In Latvian: Ag nanohitoz\u0101na biokompoz\u012btu nano\u0161\u0137iedru novatoriska ekstrakcija un in-Silico optimiz\u0101cija progres\u012bv\u0101m br\u016b\u010du un apdegumu dziedin\u0101\u0161anas vajadz\u012bb\u0101m<\/p>\n\n\n\n<ul class=\"wp-block-list ext-animate--on\">\n<li class=\"ext-animate--on\">Grant No: 1.1.1.3\/1\/24\/A\/173<\/li>\n\n\n\n<li class=\"ext-animate--on\">Implementation period: 01.09.2025 &#8211; 31.08.2028<\/li>\n\n\n\n<li class=\"ext-animate--on\">Budget: 596 625.00 EUR<\/li>\n\n\n\n<li class=\"ext-animate--on\">Project programme: ERAF <a href=\"https:\/\/www.cfla.gov.lv\/lv\/1-1-1-3-k-1\">https:\/\/www.cfla.gov.lv\/lv\/1-1-1-3-k-1<\/a><\/li>\n\n\n\n<li class=\"ext-animate--on\">Host institution: Riga Technical University (www.rtu.lv)<\/li>\n\n\n\n<li class=\"ext-animate--on\">Project No. 1.1.1.3. Applied research, 1st round<\/li>\n\n\n\n<li class=\"ext-animate--on\">Acknowlegment: The European Union&#8217;s Cohesion Policy Programme 2021-2027. 1.1.1. Specific support objective &#8220;Strengthening research and innovation capacity and introducing advanced technologies into the common R&amp;D system&#8221; 1.1.1.3. measure &#8220;Applied research&#8221;<\/li>\n<\/ul>\n<\/details>\n\n\n\n<p class=\"ext-animate--on\"><strong>Finished projects:<\/strong><\/p>\n\n\n\n<details class=\"wp-block-details ext-animate--on is-layout-flow wp-block-details-is-layout-flow\"><summary>Freeze-dried chitosan extract from Agaricus bisporus and its residues for burn and wound care: a hypoallergenic solution for skin regeneration (FCEA-BW)<\/summary>\n<p class=\"ext-animate--on\">In Latvian: Liofiliz\u0113ts hitoz\u0101na ekstrakts no Agaricus bisporus un to atlikumiem apdegumu un br\u016b\u010du kop\u0161anai: hipoaler\u0123isks risin\u0101jums \u0101das atjauno\u0161anai<\/p>\n\n\n\n<ul class=\"wp-block-list ext-animate--on\">\n<li class=\"ext-animate--on\">Grant No: RTU-IG-2024\/1-0003<\/li>\n\n\n\n<li class=\"ext-animate--on\">Implementation period: 01.10.2025 &#8211; 28.02.2026<\/li>\n\n\n\n<li class=\"ext-animate--on\">Budget: 200 000.00 EUR<\/li>\n\n\n\n<li class=\"ext-animate--on\">Project programme: Recovery Fund (<a href=\"https:\/\/www.esfondi.lv\/istenotie-projekti\/istenotie-projekti-af\/5-2-1-1-i-0-2-24-i-cfla-003\">https:\/\/www.esfondi.lv\/istenotie-projekti\/istenotie-projekti-af\/5-2-1-1-i-0-2-24-i-cfla-003<\/a>)<\/li>\n\n\n\n<li class=\"ext-animate--on\">Host institution: Riga Technical University (www.rtu.lv)<\/li>\n\n\n\n<li class=\"ext-animate--on\">Project No. 5.2.1.1.i.0\/2\/24\/I\/CFLA\/003 \u201cImplementation of consolidation and management changes at Riga Technical University, Liepaja University, Rezekne Academy of Technology, Latvian Maritime Academy and Liepaja Maritime College for the progress towards excellence in higher education, science and innovation\u201d<\/li>\n\n\n\n<li class=\"ext-animate--on\">Acknowlegment: This research leading to these results has been supported by the EU Recovery and Resilience Facility within the Project Nr. 5.2.1.1.i.0\/2\/24\/I\/CFLA\/003 \u201cImplementation of consolidation and management changes at Riga Technical University, Liepaja University, Rezekne Academy of Technology, Latvian Maritime Academy and Liepaja Maritime College for the progress towards excellence in higher education, science and innovation\u201d innovation grant (ID RTU-IG-2024\/1-0003).<\/li>\n<\/ul>\n<\/details>\n\n\n\n<details class=\"wp-block-details ext-animate--on is-layout-flow wp-block-details-is-layout-flow\"><summary>Development of an innovative sublimation technology for fish processing to create a universal balanced diet with high nutritional value and long shelf life<\/summary>\n<p class=\"ext-animate--on\">In Latvian: Inovat\u012bvas zivju apstr\u0101des sublim\u0101cijas tehnolo\u0123ijas izstr\u0101de univers\u0101la sabalans\u0113ta uztura izveido\u0161anai ar augstu uzturv\u0113rt\u012bbu un ilgsto\u0161u uzglab\u0101\u0161anas laiku<\/p>\n\n\n\n<ul class=\"wp-block-list ext-animate--on\">\n<li class=\"ext-animate--on\">Grant No: 20-00-F01101-000002<\/li>\n\n\n\n<li class=\"ext-animate--on\">Implementation period: 01.11.2020 &#8211; 31.05.2023<\/li>\n\n\n\n<li class=\"ext-animate--on\">Budget: 400 000.00 EUR<\/li>\n\n\n\n<li class=\"ext-animate--on\">European Maritime and Fisheries Fund measure &#8220;Innovation&#8221; (<a href=\"https:\/\/share.google\/IFsOPDYhN8IkwbCms\">https:\/\/share.google\/IFsOPDYhN8IkwbCms<\/a>)<\/li>\n\n\n\n<li class=\"ext-animate--on\">Host institution: Riga Technical University (www.rtu.lv)<\/li>\n<\/ul>\n<\/details>","protected":false},"excerpt":{"rendered":"<p>Projects in progress (DEPCELL team involved): Finished projects:<\/p>","protected":false},"author":1,"featured_media":0,"parent":0,"menu_order":0,"comment_status":"closed","ping_status":"closed","template":"page-with-title","meta":{"_monsterinsights_skip_tracking":false,"_monsterinsights_sitenote_active":false,"_monsterinsights_sitenote_note":"","_monsterinsights_sitenote_category":0,"footnotes":""},"class_list":["post-311","page","type-page","status-publish","hentry"],"_links":{"self":[{"href":"https:\/\/depcell.com\/lv\/wp-json\/wp\/v2\/pages\/311","targetHints":{"allow":["GET"]}}],"collection":[{"href":"https:\/\/depcell.com\/lv\/wp-json\/wp\/v2\/pages"}],"about":[{"href":"https:\/\/depcell.com\/lv\/wp-json\/wp\/v2\/types\/page"}],"author":[{"embeddable":true,"href":"https:\/\/depcell.com\/lv\/wp-json\/wp\/v2\/users\/1"}],"replies":[{"embeddable":true,"href":"https:\/\/depcell.com\/lv\/wp-json\/wp\/v2\/comments?post=311"}],"version-history":[{"count":11,"href":"https:\/\/depcell.com\/lv\/wp-json\/wp\/v2\/pages\/311\/revisions"}],"predecessor-version":[{"id":330,"href":"https:\/\/depcell.com\/lv\/wp-json\/wp\/v2\/pages\/311\/revisions\/330"}],"wp:attachment":[{"href":"https:\/\/depcell.com\/lv\/wp-json\/wp\/v2\/media?parent=311"}],"curies":[{"name":"wp","href":"https:\/\/api.w.org\/{rel}","templated":true}]}}