{"id":3,"date":"2026-03-24T21:51:13","date_gmt":"2026-03-24T21:51:13","guid":{"rendered":"https:\/\/depcell.com\/?page_id=3"},"modified":"2026-04-06T12:16:19","modified_gmt":"2026-04-06T12:16:19","slug":"privacy-policy","status":"publish","type":"page","link":"https:\/\/depcell.com\/lv\/privacy-policy\/","title":{"rendered":"Priv\u0101tuma politika"},"content":{"rendered":"<h2 class=\"wp-block-heading\">Kas m\u0113s esam<\/h2>\n\n\n\n<p>M\u016bsu vietnes adrese ir: https:\/\/depcell.com<\/p>\n\n\n\n<h2 class=\"wp-block-heading\">Koment\u0101ri<\/h2>\n\n\n\n<p>Kad apmekl\u0113t\u0101ji vietn\u0113 atst\u0101j koment\u0101rus, tiek apkopoti koment\u0101ru form\u0101 nor\u0101d\u012btie dati, k\u0101 ar\u012b apmekl\u0113t\u0101ja IP adrese un p\u0101rl\u016bkprogrammas lietot\u0101ja a\u0123enta virkne, lai pal\u012bdz\u0113tu noteikt surog\u0101tpastu.<\/p>\n\n\n\n<p>Anonimiz\u0113ta virkne, kas izveidota no j\u016bsu e-pasta adreses (saukta ar\u012b par jauc\u0113jv\u0113rt\u012bbu jeb hash), var tikt nodota Gravatar pakalpojumam, lai p\u0101rbaud\u012btu, vai to izmantojat. Gravatar pakalpojuma priv\u0101tuma politika ir pieejama \u0161eit: https:\/\/automattic.com\/privacy\/\n. P\u0113c koment\u0101ra apstiprin\u0101\u0161anas j\u016bsu profila att\u0113ls b\u016bs publiski redzams j\u016bsu koment\u0101ra kontekst\u0101.<\/p>\n\n\n\n<h2 class=\"wp-block-heading\">Multivides saturs<\/h2>\n\n\n\n<p>Ja aug\u0161upiel\u0101d\u0113jat att\u0113lus vietn\u0113, ieteicams neaug\u0161upiel\u0101d\u0113t att\u0113lus ar iek\u013cautiem atra\u0161an\u0101s vietas datiem (EXIF GPS). Vietnes apmekl\u0113t\u0101ji var lejupiel\u0101d\u0113t att\u0113lus un ieg\u016bt no tiem atra\u0161an\u0101s vietas datus.<\/p>\n\n\n\n<h2 class=\"wp-block-heading\">S\u012bkdatnes<\/h2>\n\n\n\n<p>Ja atst\u0101jat koment\u0101ru m\u016bsu vietn\u0113, varat piekrist sava v\u0101rda, e-pasta adreses un vietnes saglab\u0101\u0161anai s\u012bkdatn\u0113s. Tas paredz\u0113ts j\u016bsu \u0113rt\u012bbai, lai, atst\u0101jot n\u0101kamo koment\u0101ru, \u0161ie dati neb\u016btu j\u0101ievada atk\u0101rtoti. \u0160\u012bs s\u012bkdatnes tiks glab\u0101tas vienu gadu.<\/p>\n\n\n\n<p>Ja apmekl\u0113jat m\u016bsu pieteik\u0161an\u0101s lapu, tiks iestat\u012bta pagaidu s\u012bkdatne, lai noteiktu, vai j\u016bsu p\u0101rl\u016bkprogramma pie\u0146em s\u012bkdatnes. \u0160\u012b s\u012bkdatne nesatur personas datus un tiek dz\u0113sta, kad aizverat p\u0101rl\u016bkprogrammu.<\/p>\n\n\n\n<p>Kad piesak\u0101ties, tiks iestat\u012btas ar\u012b vair\u0101kas s\u012bkdatnes, lai saglab\u0101tu j\u016bsu pieteik\u0161an\u0101s inform\u0101ciju un ekr\u0101na att\u0113lojuma izv\u0113les. Pieteik\u0161an\u0101s s\u012bkdatnes tiek glab\u0101tas divas dienas, bet ekr\u0101na opciju s\u012bkdatnes \u2014 vienu gadu. Ja izv\u0113laties \u201cRemember Me\u201d, j\u016bsu pieteik\u0161an\u0101s saglab\u0101sies divas ned\u0113\u013cas. Ja izrakst\u0101ties no sava konta, pieteik\u0161an\u0101s s\u012bkdatnes tiks dz\u0113stas.<\/p>\n\n\n\n<p>Ja redi\u0123\u0113jat vai public\u0113jat rakstu, j\u016bsu p\u0101rl\u016bkprogramm\u0101 tiks saglab\u0101ta papildu s\u012bkdatne. \u0160\u012b s\u012bkdatne nesatur personas datus un tikai nor\u0101da t\u0101 raksta ieraksta ID, kuru tikko redi\u0123\u0113j\u0101t. T\u0101s der\u012bguma termi\u0146\u0161 beidzas p\u0113c 1 dienas.<\/p>\n\n\n\n<h2 class=\"wp-block-heading\">Iegults saturs no cit\u0101m vietn\u0113m<\/h2>\n\n\n\n<p>Raksti \u0161aj\u0101 vietn\u0113 var ietvert iegultu saturu no cit\u0101m vietn\u0113m, piem\u0113ram, video, att\u0113lus, rakstus u.c. Iegults saturs no cit\u0101m vietn\u0113m darbojas tie\u0161i t\u0101pat, it k\u0101 apmekl\u0113t\u0101js b\u016btu apmekl\u0113jis attiec\u012bgo vietni.<\/p>\n\n\n\n<p>\u0160\u012bs vietnes var apkopot datus par jums, izmantot s\u012bkdatnes, ieviest papildu tre\u0161o pu\u0161u izseko\u0161anu un uzraudz\u012bt j\u016bsu mijiedarb\u012bbu ar \u0161o iegulto saturu, tostarp izsekot j\u016bsu darb\u012bb\u0101m ar iegulto saturu, ja jums ir konts attiec\u012bgaj\u0101 vietn\u0113 un esat taj\u0101 pieteicies.<\/p>\n\n\n\n<h2 class=\"wp-block-heading\">Ar ko m\u0113s kop\u012bgojam j\u016bsu datus<\/h2>\n\n\n\n<p>Ja piepras\u0101t paroles atiestat\u012b\u0161anu, j\u016bsu IP adrese tiks iek\u013cauta paroles atiestat\u012b\u0161anas e-past\u0101.<\/p>\n\n\n\n<h2 class=\"wp-block-heading\">Cik ilgi m\u0113s glab\u0101jam j\u016bsu datus<\/h2>\n\n\n\n<p>Ja atst\u0101jat koment\u0101ru, koment\u0101rs un t\u0101 metadati tiek glab\u0101ti nenoteiktu laiku. Tas tiek dar\u012bts, lai visus turpm\u0101kos koment\u0101rus var\u0113tu atpaz\u012bt un apstiprin\u0101t autom\u0101tiski, nevis tur\u0113t tos moder\u0113\u0161anas rind\u0101.<\/p>\n\n\n\n<p>Lietot\u0101jiem, kuri re\u0123istr\u0113jas m\u016bsu vietn\u0113 (ja t\u0101di ir), tiek glab\u0101ta ar\u012b personisk\u0101 inform\u0101cija, ko vi\u0146i nor\u0101da sav\u0101 lietot\u0101ja profil\u0101. Visi lietot\u0101ji jebkur\u0101 laik\u0101 var redz\u0113t, redi\u0123\u0113t vai dz\u0113st savu personisko inform\u0101ciju, iz\u0146emot lietot\u0101jv\u0101rdu, kuru main\u012bt nevar. Ar\u012b vietnes administratori \u0161o inform\u0101ciju var redz\u0113t un redi\u0123\u0113t.<\/p>\n\n\n\n<h2 class=\"wp-block-heading\">K\u0101das ir j\u016bsu ties\u012bbas attiec\u012bb\u0101 uz j\u016bsu datiem<\/h2>\n\n\n\n<p>Ja jums \u0161aj\u0101 vietn\u0113 ir konts vai esat atst\u0101jis koment\u0101rus, varat piepras\u012bt sa\u0146emt eksport\u0113tu failu ar personas datiem, ko par jums glab\u0101jam, tostarp visiem datiem, kurus esat mums sniedzis. Varat ar\u012b piepras\u012bt, lai m\u0113s dz\u0113\u0161am visus personas datus, ko par jums glab\u0101jam. Tas neattiecas uz datiem, kurus mums ir pien\u0101kums glab\u0101t administrat\u012bvu, juridisku vai dro\u0161\u012bbas iemeslu d\u0113\u013c.<\/p>\n\n\n\n<h2 class=\"wp-block-heading\">Kur tiek nos\u016bt\u012bti j\u016bsu dati<\/h2>\n\n\n\n<p>Apmekl\u0113t\u0101ju koment\u0101ri var tikt p\u0101rbaud\u012bti, izmantojot automatiz\u0113tu surog\u0101tpasta noteik\u0161anas pakalpojumu.<\/p>","protected":false},"excerpt":{"rendered":"<p>Who we are Our website address is: https:\/\/depcell.com. Comments When visitors leave comments on the site we collect the data shown in the comments form, and also the visitor\u2019s IP address and browser user agent string to help spam detection. An anonymized string created from your email address (also called a hash) may be provided [&hellip;]<\/p>\n","protected":false},"author":1,"featured_media":0,"parent":0,"menu_order":0,"comment_status":"closed","ping_status":"open","template":"","meta":{"_monsterinsights_skip_tracking":false,"_monsterinsights_sitenote_active":false,"_monsterinsights_sitenote_note":"","_monsterinsights_sitenote_category":0,"footnotes":""},"class_list":["post-3","page","type-page","status-publish","hentry"],"_links":{"self":[{"href":"https:\/\/depcell.com\/lv\/wp-json\/wp\/v2\/pages\/3","targetHints":{"allow":["GET"]}}],"collection":[{"href":"https:\/\/depcell.com\/lv\/wp-json\/wp\/v2\/pages"}],"about":[{"href":"https:\/\/depcell.com\/lv\/wp-json\/wp\/v2\/types\/page"}],"author":[{"embeddable":true,"href":"https:\/\/depcell.com\/lv\/wp-json\/wp\/v2\/users\/1"}],"replies":[{"embeddable":true,"href":"https:\/\/depcell.com\/lv\/wp-json\/wp\/v2\/comments?post=3"}],"version-history":[{"count":2,"href":"https:\/\/depcell.com\/lv\/wp-json\/wp\/v2\/pages\/3\/revisions"}],"predecessor-version":[{"id":289,"href":"https:\/\/depcell.com\/lv\/wp-json\/wp\/v2\/pages\/3\/revisions\/289"}],"wp:attachment":[{"href":"https:\/\/depcell.com\/lv\/wp-json\/wp\/v2\/media?parent=3"}],"curies":[{"name":"wp","href":"https:\/\/api.w.org\/{rel}","templated":true}]}}