{"id":290,"date":"2026-04-06T12:21:03","date_gmt":"2026-04-06T12:21:03","guid":{"rendered":"https:\/\/depcell.com\/?page_id=290"},"modified":"2026-04-27T20:35:56","modified_gmt":"2026-04-27T20:35:56","slug":"knowledge-center","status":"publish","type":"page","link":"https:\/\/depcell.com\/lv\/knowledge-center\/","title":{"rendered":"Zin\u0101\u0161anu centrs"},"content":{"rendered":"<div class=\"wp-block-group alignfull is-style-ext-preset--group--natural-1--section ext-animate--on has-background-background-color has-background has-global-padding is-layout-constrained wp-container-core-group-is-layout-e955bbaf wp-block-group-is-layout-constrained\" style=\"margin-top:0;margin-bottom:0;padding-top:var(--wp--preset--spacing--70);padding-bottom:var(--wp--preset--spacing--70)\">\n<div class=\"wp-block-group alignwide ext-is-logical-start ext-animate--on has-global-padding is-content-justification-left is-layout-constrained wp-container-core-group-is-layout-6729bdbe wp-block-group-is-layout-constrained\">\n<h2 class=\"wp-block-heading ext-animate--on\">Izproti cilmes \u0161\u016bnu zin\u0101tni<\/h2>\n\n\n\n<p class=\"ext-animate--on\">Iepaz\u012bstiet skaidrus un viegli uztveramus skaidrojumus par cilmes \u0161\u016bn\u0101m, organisma atjauno\u0161anos, \u0161\u016bnu noveco\u0161anu un DEPCELL inovat\u012bvo pieeju re\u0123enerat\u012bvaj\u0101 medic\u012bn\u0101.<\/p>\n<\/div>\n\n\n\n<div class=\"wp-block-columns alignwide ext-animate--on is-layout-flex wp-container-core-columns-is-layout-08c01c1c wp-block-columns-is-layout-flex\">\n<div class=\"wp-block-column is-vertically-aligned-stretch ext-animate--on is-layout-flow wp-container-core-column-is-layout-f5bb311e wp-block-column-is-layout-flow\">\n<div class=\"wp-block-group is-style-ext-preset--group--natural-1--item-card-1--align-start ext-animate--on has-global-padding is-layout-constrained wp-block-group-is-layout-constrained is-style-ext-preset--group--natural-1--item-card-1--align-start--2\">\n<div class=\"wp-block-group is-style-default ext-animate--on has-global-padding is-layout-constrained wp-block-group-is-layout-constrained\">\n<figure class=\"wp-block-image size-large ext-aspect-landscape ext-animate--on wp-duotone-primary-foreground\"><img decoding=\"async\" src=\"data:image\/svg+xml;base64,PHN2ZyB4bWxucz0iaHR0cDovL3d3dy53My5vcmcvMjAwMC9zdmciIHdpZHRoPSI0OCIgaGVpZ2h0PSI0OCIgZmlsbD0iIzAwMDAwMCIgdmlld0JveD0iMCAwIDI1NiAyNTYiPjxwYXRoIGQ9Ik0xNzIsNzZhNDQsNDQsMCwxLDAtNDQsNDRBNDQuMDUsNDQuMDUsMCwwLDAsMTcyLDc2Wm0tNDQsMjhhMjgsMjgsMCwxLDEsMjgtMjhBMjgsMjgsMCwwLDEsMTI4LDEwNFptNjAsMjRhNDQsNDQsMCwxLDAsNDQsNDRBNDQuMDUsNDQuMDUsMCwwLDAsMTg4LDEyOFptMCw3MmEyOCwyOCwwLDEsMSwyOC0yOEEyOCwyOCwwLDAsMSwxODgsMjAwWk02OCwxMjhhNDQsNDQsMCwxLDAsNDQsNDRBNDQuMDUsNDQuMDUsMCwwLDAsNjgsMTI4Wm0wLDcyYTI4LDI4LDAsMSwxLDI4LTI4QTI4LDI4LDAsMCwxLDY4LDIwMFoiPjwvcGF0aD48L3N2Zz4=\" alt=\"\" style=\"object-fit:cover\"\/><\/figure>\n\n\n\n<h3 class=\"wp-block-heading ext-animate--on\">Vieda \u0161\u016bnu \u0161\u0137iro\u0161ana terapija<\/h3>\n\n\n\n<p class=\"ext-animate--on\">\u201cJaunas pret vec\u0101m\u201d ir vienk\u0101r\u0161ota analo\u0123ija. DEP nenosaka hronolo\u0123isko vecumu; t\u0101 m\u0113ra elektrisko fenotipu, kas var atspogu\u013cot \u0161\u016bnas st\u0101vokli, diferenci\u0101ciju, dz\u012bvotsp\u0113ju un noveco\u0161anu kultiv\u0113\u0161anas proces\u0101.<\/p>\n\n\n\n<div class=\"wp-block-buttons ext-animate--on is-layout-flex wp-block-buttons-is-layout-flex\">\n<div class=\"wp-block-button is-style-ext-preset--button--natural-1--button-1 ext-animate--on is-style-ext-preset--button--natural-1--button-1--3\"><a class=\"wp-block-button__link wp-element-button\" href=\"https:\/\/depcell.com\/lv\/stem-cells-autoimmunity-and-dielectrophoresis-2\/\">Uzzin\u0101t vair\u0101k<\/a><\/div>\n<\/div>\n<\/div>\n<\/div>\n<\/div>\n\n\n\n<div class=\"wp-block-column is-vertically-aligned-stretch ext-animate--on is-layout-flow wp-container-core-column-is-layout-f5bb311e wp-block-column-is-layout-flow\">\n<div class=\"wp-block-group is-style-ext-preset--group--natural-1--item-card-1--align-start ext-animate--on has-global-padding is-layout-constrained wp-block-group-is-layout-constrained is-style-ext-preset--group--natural-1--item-card-1--align-start--4\">\n<div class=\"wp-block-group is-style-default ext-animate--on has-global-padding is-layout-constrained wp-block-group-is-layout-constrained\">\n<figure class=\"wp-block-image size-large ext-aspect-landscape ext-animate--on wp-duotone-primary-foreground\"><img decoding=\"async\" src=\"data:image\/svg+xml;base64,PHN2ZyB4bWxucz0iaHR0cDovL3d3dy53My5vcmcvMjAwMC9zdmciIHdpZHRoPSI0OCIgaGVpZ2h0PSI0OCIgZmlsbD0iIzAwMDAwMCIgdmlld0JveD0iMCAwIDI1NiAyNTYiPjxwYXRoIGQ9Ik04MCw0MGE0MCw0MCwwLDEsMCw0MCw0MEE0MCw0MCwwLDAsMCw4MCw0MFptMCw2NGEyNCwyNCwwLDEsMSwyNC0yNEEyNCwyNCwwLDAsMSw4MCwxMDRabTk2LDE2YTQwLDQwLDAsMSwwLTQwLTQwQTQwLDQwLDAsMCwwLDE3NiwxMjBabTAtNjRhMjQsMjQsMCwxLDEtMjQsMjRBMjQsMjQsMCwwLDEsMTc2LDU2Wk04MCwxMzZhNDAsNDAsMCwxLDAsNDAsNDBBNDAsNDAsMCwwLDAsODAsMTM2Wm0wLDY0YTI0LDI0LDAsMSwxLDI0LTI0QTI0LDI0LDAsMCwxLDgwLDIwMFptOTYtNjRhNDAsNDAsMCwxLDAsNDAsNDBBNDAsNDAsMCwwLDAsMTc2LDEzNlptMCw2NGEyNCwyNCwwLDEsMSwyNC0yNEEyNCwyNCwwLDAsMSwxNzYsMjAwWiI+PC9wYXRoPjwvc3ZnPg==\" alt=\"\" style=\"object-fit:cover\"\/><\/figure>\n\n\n\n<h3 class=\"wp-block-heading ext-animate--on\">Pret-noveco\u0161an\u0101s un cilmes \u0161\u016bnas<\/h3>\n\n\n\n<p class=\"ext-animate--on\">Uzziniet, k\u0101 \u0161\u016bnu noveco\u0161ana ietekm\u0113 organismu un k\u0101di var\u0113tu b\u016bt iesp\u0113jamie veidi vitalit\u0101tes uztur\u0113\u0161anai.<\/p>\n\n\n\n<div class=\"wp-block-buttons ext-animate--on is-layout-flex wp-block-buttons-is-layout-flex\">\n<div class=\"wp-block-button is-style-ext-preset--button--natural-1--button-1 ext-animate--on is-style-ext-preset--button--natural-1--button-1--5\"><a class=\"wp-block-button__link wp-element-button\" href=\"https:\/\/depcell.com\/lv\/anti-aging-and-stem-cells\/\">Uzzin\u0101t vair\u0101k<\/a><\/div>\n<\/div>\n<\/div>\n<\/div>\n<\/div>\n\n\n\n<div class=\"wp-block-column is-vertically-aligned-stretch ext-animate--on is-layout-flow wp-container-core-column-is-layout-f5bb311e wp-block-column-is-layout-flow\">\n<div class=\"wp-block-group is-style-ext-preset--group--natural-1--item-card-1--align-start ext-animate--on has-global-padding is-layout-constrained wp-block-group-is-layout-constrained is-style-ext-preset--group--natural-1--item-card-1--align-start--6\">\n<div class=\"wp-block-group is-style-default ext-animate--on has-global-padding is-layout-constrained wp-block-group-is-layout-constrained\">\n<figure class=\"wp-block-image size-large ext-aspect-landscape ext-animate--on wp-duotone-primary-foreground\"><img decoding=\"async\" src=\"data:image\/svg+xml;base64,PHN2ZyB4bWxucz0iaHR0cDovL3d3dy53My5vcmcvMjAwMC9zdmciIHdpZHRoPSI0OCIgaGVpZ2h0PSI0OCIgZmlsbD0iIzAwMDAwMCIgdmlld0JveD0iMCAwIDI1NiAyNTYiPjxwYXRoIGQ9Ik04MCw0MGE0MCw0MCwwLDEsMCw0MCw0MEE0MCw0MCwwLDAsMCw4MCw0MFptMCw2NGEyNCwyNCwwLDEsMSwyNC0yNEEyNCwyNCwwLDAsMSw4MCwxMDRabTk2LDE2YTQwLDQwLDAsMSwwLTQwLTQwQTQwLDQwLDAsMCwwLDE3NiwxMjBabTAtNjRhMjQsMjQsMCwxLDEtMjQsMjRBMjQsMjQsMCwwLDEsMTc2LDU2Wk04MCwxMzZhNDAsNDAsMCwxLDAsNDAsNDBBNDAsNDAsMCwwLDAsODAsMTM2Wm0wLDY0YTI0LDI0LDAsMSwxLDI0LTI0QTI0LDI0LDAsMCwxLDgwLDIwMFptMTM2LTI0YTgsOCwwLDAsMS04LDhIMTg0djI0YTgsOCwwLDAsMS0xNiwwVjE4NEgxNDRhOCw4LDAsMCwxLDAtMTZoMjRWMTQ0YTgsOCwwLDAsMSwxNiwwdjI0aDI0QTgsOCwwLDAsMSwyMTYsMTc2WiI+PC9wYXRoPjwvc3ZnPg==\" alt=\"\" style=\"object-fit:cover\"\/><\/figure>\n\n\n\n<h3 class=\"wp-block-heading ext-animate--on\">Autoim\u016bnas slim\u012bbas un \u0161\u016bnu terapija<\/h3>\n\n\n\n<p class=\"ext-animate--on\">Konvencion\u0101lie medikamenti joproj\u0101m ir b\u016btiski, tom\u0113r daudziem pacientiem ar autoim\u016bn\u0101m slim\u012bb\u0101m joproj\u0101m nov\u0113ro recid\u012bvus, nepiln\u012bgu remisiju, progres\u0113jo\u0161us boj\u0101jumus vai m\u016b\u017ea atkar\u012bbu no medikamentiem un uzraudz\u012bbas. \u0160\u016bnu terapijas cen\u0161as pan\u0101kt ko dzi\u013c\u0101ku: mazin\u0101t nepareizi v\u0113rstu im\u016bno reakciju, veicin\u0101t audu atjauno\u0161anos vai atsevi\u0161\u0137os gad\u012bjumos p\u0101rveidot pa\u0161u im\u016bnsist\u0113mu. Eirop\u0101 noteikt\u0101m progres\u012bvaj\u0101m terapij\u0101m jau past\u0101v tiesisks ce\u013c\u0161 slimn\u012bcas iz\u0146\u0113muma re\u017e\u012bm\u0101. Galvenais izaicin\u0101jums ir padar\u012bt piek\u013cuvi dro\u0161\u0101ku, p\u0101rskat\u0101m\u0101ku un praktisk\u0101ku, nevis izv\u0113l\u0113ties starp haosu un paral\u012bzi.<\/p>\n\n\n\n<div class=\"wp-block-buttons ext-animate--on is-layout-flex wp-block-buttons-is-layout-flex\">\n<div class=\"wp-block-button is-style-ext-preset--button--natural-1--button-1 ext-animate--on is-style-ext-preset--button--natural-1--button-1--7\"><a class=\"wp-block-button__link wp-element-button\" href=\"https:\/\/depcell.com\/lv\/autoimmune-disease\/\">Uzzin\u0101t vair\u0101k<\/a><\/div>\n<\/div>\n<\/div>\n<\/div>\n<\/div>\n<\/div>\n<\/div>","protected":false},"excerpt":{"rendered":"<p>Understand Stem Cell Science Explore clear, friendly explanations about stem cells, body repair, cell aging, and DEPCELL&#8217;s breakthrough regenerative medicine. Smart Cell Sorting for therapy \u201cYoung vs old\u201d is a simplified analogy. DEP does not read chronological age; it measures an electrical phenotype that may reflect cell state, differentiation, viability, and culture ageing. Anti-Aging and [&hellip;]<\/p>\n","protected":false},"author":1,"featured_media":0,"parent":0,"menu_order":0,"comment_status":"closed","ping_status":"closed","template":"page-with-title","meta":{"_monsterinsights_skip_tracking":false,"_monsterinsights_sitenote_active":false,"_monsterinsights_sitenote_note":"","_monsterinsights_sitenote_category":0,"footnotes":""},"class_list":["post-290","page","type-page","status-publish","hentry"],"_links":{"self":[{"href":"https:\/\/depcell.com\/lv\/wp-json\/wp\/v2\/pages\/290","targetHints":{"allow":["GET"]}}],"collection":[{"href":"https:\/\/depcell.com\/lv\/wp-json\/wp\/v2\/pages"}],"about":[{"href":"https:\/\/depcell.com\/lv\/wp-json\/wp\/v2\/types\/page"}],"author":[{"embeddable":true,"href":"https:\/\/depcell.com\/lv\/wp-json\/wp\/v2\/users\/1"}],"replies":[{"embeddable":true,"href":"https:\/\/depcell.com\/lv\/wp-json\/wp\/v2\/comments?post=290"}],"version-history":[{"count":12,"href":"https:\/\/depcell.com\/lv\/wp-json\/wp\/v2\/pages\/290\/revisions"}],"predecessor-version":[{"id":593,"href":"https:\/\/depcell.com\/lv\/wp-json\/wp\/v2\/pages\/290\/revisions\/593"}],"wp:attachment":[{"href":"https:\/\/depcell.com\/lv\/wp-json\/wp\/v2\/media?parent=290"}],"curies":[{"name":"wp","href":"https:\/\/api.w.org\/{rel}","templated":true}]}}