{"id":105,"date":"2026-03-24T21:45:01","date_gmt":"2026-03-24T21:45:01","guid":{"rendered":"https:\/\/depcell.com\/home\/"},"modified":"2026-05-05T17:27:51","modified_gmt":"2026-05-05T17:27:51","slug":"home","status":"publish","type":"page","link":"https:\/\/depcell.com\/lv\/","title":{"rendered":"Home"},"content":{"rendered":"<div class=\"wp-block-group alignfull ext-hero-section is-style-ext-preset--group--natural-1--section has-background-background-color has-background is-layout-flow wp-block-group-is-layout-flow\" style=\"margin-top:0;margin-bottom:0;padding-top:var(--wp--preset--spacing--50);padding-bottom:var(--wp--preset--spacing--70)\">\n<div class=\"wp-block-columns alignwide are-vertically-aligned-center is-layout-flex wp-container-core-columns-is-layout-174606dc wp-block-columns-is-layout-flex\">\n<div class=\"wp-block-column is-vertically-aligned-center is-layout-flow wp-block-column-is-layout-flow\">\n<h1 class=\"wp-block-heading has-text-align-center ext-animate--on\">Par mums<\/h1>\n\n\n\n<div class=\"wp-block-group ext-animate--on has-global-padding is-layout-constrained wp-block-group-is-layout-constrained\">\n<div class=\"wp-block-group ext-animate--on has-global-padding is-layout-constrained wp-block-group-is-layout-constrained\">\n<p class=\"has-text-align-center ext-animate--on\" style=\"margin-top:1.5rem\">M\u016bsu komanda ir izstr\u0101d\u0101jusi jaunu pieeju visv\u0113rt\u012bg\u0101ko cilmes \u0161\u016bnu ar visgar\u0101kaj\u0101m telom\u0113r\u0101m izdal\u012b\u0161anai, sasniedzot t\u012br\u012bbas l\u012bmeni tuvu 95% neatkar\u012bgi no \u0161\u016bnu avota. Tas nodro\u0161ina skaidru priek\u0161roc\u012bbu sal\u012bdzin\u0101jum\u0101 ar pieej\u0101m, kas balst\u0101s uz dabiski jaun\u0101kiem \u0161\u016bnu avotiem un maz\u0101k v\u0113rt\u012bg\u0101m \u0161\u016bnu popul\u0101cij\u0101m.<\/p>\n\n\n\n<div class=\"wp-block-columns ext-animate--on is-layout-flex wp-container-core-columns-is-layout-28f84493 wp-block-columns-is-layout-flex\">\n<div class=\"wp-block-column is-layout-flow wp-block-column-is-layout-flow\" style=\"flex-basis:33.33%\">\n<figure class=\"wp-block-image size-large ext-animate--on\"><img loading=\"lazy\" decoding=\"async\" width=\"1024\" height=\"1024\" src=\"https:\/\/depcell.com\/wp-content\/uploads\/2026\/05\/bitmap-1024x1024.png\" alt=\"\" class=\"wp-image-632\" srcset=\"https:\/\/depcell.com\/wp-content\/uploads\/2026\/05\/bitmap-1024x1024.png 1024w, https:\/\/depcell.com\/wp-content\/uploads\/2026\/05\/bitmap-300x300.png 300w, https:\/\/depcell.com\/wp-content\/uploads\/2026\/05\/bitmap-150x150.png 150w, https:\/\/depcell.com\/wp-content\/uploads\/2026\/05\/bitmap-768x768.png 768w, https:\/\/depcell.com\/wp-content\/uploads\/2026\/05\/bitmap-1536x1536.png 1536w, https:\/\/depcell.com\/wp-content\/uploads\/2026\/05\/bitmap-12x12.png 12w, https:\/\/depcell.com\/wp-content\/uploads\/2026\/05\/bitmap.png 1723w\" sizes=\"auto, (max-width: 1024px) 100vw, 1024px\" \/><\/figure>\n<\/div>\n\n\n\n<div class=\"wp-block-column is-layout-flow wp-block-column-is-layout-flow\" style=\"flex-basis:66.66%\">\n<figure class=\"wp-block-video ext-animate--on\"><video height=\"1080\" style=\"aspect-ratio: 1920 \/ 1080;\" width=\"1920\" controls src=\"https:\/\/depcell.com\/wp-content\/uploads\/2026\/05\/Promo_07_voice_music_subtitles-1.mp4\" playsinline><\/video><\/figure>\n<\/div>\n<\/div>\n<\/div>\n\n\n\n<p class=\"has-text-align-center ext-animate--on\" style=\"margin-top:1.5rem\">Misijas m\u0113r\u0137is ir valid\u0113t un komercializ\u0113t \u0161o tehnolo\u0123iju jau tagad, nodro\u0161inot dro\u0161\u0101kas un pieejam\u0101kas re\u0123enerat\u012bv\u0101s terapijas, kas balst\u012btas uz pa\u0161a pacienta atlas\u012btaj\u0101m \u0161\u016bn\u0101m, ar augstu potenci\u0101lu vesel\u012bgas noveco\u0161anas veicin\u0101\u0161an\u0101 un cit\u0101s n\u0101kotnes medic\u012bnas pielietojuma jom\u0101s.<\/p>\n<\/div>\n<\/div>\n<\/div>\n\n\n\n<figure class=\"wp-block-image aligncenter size-large is-resized ext-animate--on\"><img loading=\"lazy\" decoding=\"async\" width=\"1024\" height=\"683\" src=\"https:\/\/depcell.com\/wp-content\/uploads\/2026\/04\/d0f15f1b-4115-4a62-819e-09bba44504fc-kopija-2-1024x683.png\" alt=\"\" class=\"wp-image-210\" style=\"aspect-ratio:1.4992854967554525;width:1268px;height:auto\" srcset=\"https:\/\/depcell.com\/wp-content\/uploads\/2026\/04\/d0f15f1b-4115-4a62-819e-09bba44504fc-kopija-2-1024x683.png 1024w, https:\/\/depcell.com\/wp-content\/uploads\/2026\/04\/d0f15f1b-4115-4a62-819e-09bba44504fc-kopija-2-300x200.png 300w, https:\/\/depcell.com\/wp-content\/uploads\/2026\/04\/d0f15f1b-4115-4a62-819e-09bba44504fc-kopija-2-768x512.png 768w, https:\/\/depcell.com\/wp-content\/uploads\/2026\/04\/d0f15f1b-4115-4a62-819e-09bba44504fc-kopija-2-18x12.png 18w, https:\/\/depcell.com\/wp-content\/uploads\/2026\/04\/d0f15f1b-4115-4a62-819e-09bba44504fc-kopija-2.png 1536w\" sizes=\"auto, (max-width: 1024px) 100vw, 1024px\" \/><\/figure>\n\n\n\n<figure class=\"wp-block-image aligncenter size-full is-resized ext-animate--on\"><a href=\"https:\/\/biophot.lv\/\"><img loading=\"lazy\" decoding=\"async\" width=\"250\" height=\"58\" src=\"https:\/\/depcell.com\/wp-content\/uploads\/2026\/04\/04.png\" alt=\"\" class=\"wp-image-248\" style=\"aspect-ratio:4.312208138759173;width:244px;height:auto\" srcset=\"https:\/\/depcell.com\/wp-content\/uploads\/2026\/04\/04.png 250w, https:\/\/depcell.com\/wp-content\/uploads\/2026\/04\/04-18x4.png 18w\" sizes=\"auto, (max-width: 250px) 100vw, 250px\" \/><\/a><\/figure>\n<\/div>\n\n\n\n<div class=\"wp-block-group alignfull ext-hero-section is-style-ext-preset--group--natural-1--section ext-animate--on has-tertiary-background-color has-background has-global-padding is-layout-constrained wp-block-group-is-layout-constrained\" style=\"margin-top:0;margin-bottom:0;padding-top:var(--wp--preset--spacing--50);padding-bottom:var(--wp--preset--spacing--70)\">\n<div class=\"wp-block-columns alignwide are-vertically-aligned-center ext-animate--on is-layout-flex wp-container-core-columns-is-layout-174606dc wp-block-columns-is-layout-flex\">\n<div class=\"wp-block-column is-vertically-aligned-center ext-animate--on is-layout-flow wp-block-column-is-layout-flow\">\n<h1 class=\"wp-block-heading has-text-align-center ext-animate--on\">Sekojiet DEPCELL jaunumiem Facebook vietn\u0113<\/h1>\n<\/div>\n<\/div>\n\n\n\t\t<div class=\"depcell-fb-feed ext-animate--on\" tabindex=\"0\" aria-label=\"Facebook feed carousel\" aria-roledescription=\"carousel\">\n\t\t\t<div class=\"depcell-fb-feed__viewport\">\n\t\t\t\t\t\t\t\t\t<article class=\"depcell-fb-feed__slide is-active\"  aria-hidden=\"false\">\n\t\t\t\t\t\t<a class=\"depcell-fb-feed__image-link\" href=\"https:\/\/www.facebook.com\/122096358596778257\/posts\/122112657428778257\" target=\"_blank\" rel=\"noopener noreferrer\">\n\t\t\t\t\t\t\t\t\t\t\t\t\t\t\t<img decoding=\"async\" class=\"depcell-fb-feed__image\" src=\"https:\/\/scontent-hel3-1.xx.fbcdn.net\/v\/t39.30808-6\/694150098_122112657398778257_3655790720274089323_n.jpg?stp=cp1_dst-jpg_s960x960_tt6&#038;_nc_cat=101&#038;ccb=1-7&#038;_nc_sid=7b2446&#038;_nc_ohc=mjfAzR06buYQ7kNvwEQdtmY&#038;_nc_oc=Adr7yCmrhro0iiMTrMvhyhVeYKbytkm6Eha3iWwjHHube93gXX0d3BTNkx6XLGRjJRk&#038;_nc_zt=23&#038;_nc_ht=scontent-hel3-1.xx&#038;edm=APyxFHYEAAAA&#038;_nc_gid=Xd1GgiwVhq-bdfwoITMUqw&#038;_nc_tpa=Q5bMBQH9i4Qr4GG_mr0QTrPRPE9-QKoCcaWpa0izClYiEYdqNTmcr3LRcyhb5mU7kcXe_ZQQRNfP4Vv-1A&#038;oh=00_Af7gGhwO6NzFat4xOpe0tZdbdU55LvVSRLzD2lFNaOsnKg&#038;oe=6A07938B\" alt=\"Facebook post\" loading=\"lazy\" draggable=\"false\" \/>\n\t\t\t\t\t\t\t\t\t\t\t\t\t<\/a>\n\t\t\t\t\t\t<div class=\"depcell-fb-feed__body\">\n\t\t\t\t\t\t\t\t\t\t\t\t\t\t\t<p class=\"depcell-fb-feed__date\">11 maijs, 2026<\/p>\n\t\t\t\t\t\t\t\t\t\t\t\t\t\t<h3 class=\"depcell-fb-feed__title\">Facebook post<\/h3>\n\t\t\t\t\t\t\t\t\t\t\t\t\t<\/div>\n\t\t\t\t\t<\/article>\n\t\t\t\t\t\t\t\t\t<article class=\"depcell-fb-feed__slide\" hidden aria-hidden=\"true\">\n\t\t\t\t\t\t<a class=\"depcell-fb-feed__image-link\" href=\"https:\/\/www.facebook.com\/122096358596778257\/posts\/122111341664778257\" target=\"_blank\" rel=\"noopener noreferrer\">\n\t\t\t\t\t\t\t\t\t\t\t\t\t\t\t<img decoding=\"async\" class=\"depcell-fb-feed__image\" src=\"https:\/\/scontent-hel3-1.xx.fbcdn.net\/v\/t39.30808-6\/689343183_122111341634778257_1543840815808483312_n.jpg?stp=dst-jpg_s720x720_tt6&#038;_nc_cat=105&#038;ccb=1-7&#038;_nc_sid=13d280&#038;_nc_ohc=9_CA38sa9QgQ7kNvwGFubzu&#038;_nc_oc=AdrhCRYGzMmqrVzI0TgD9HXHZkZbPieaZ7jIuradIYnYqtIEEZcOvH7B9Nk7mpD8sO4&#038;_nc_zt=23&#038;_nc_ht=scontent-hel3-1.xx&#038;edm=APyxFHYEAAAA&#038;_nc_gid=Xd1GgiwVhq-bdfwoITMUqw&#038;_nc_tpa=Q5bMBQGzUPalDIhpL3pVE6F6TR1HVamLymgSSZhkgDyhTF-vUL9J-bwRTav1v_KyYLbLKWQN12uL22D9sA&#038;oh=00_Af5KN9JePCrjo_Xjceh1uwqmSGUEs0XJ3XcFjqrHXC6SXg&#038;oe=6A07A42B\" alt=\"From research to reality - proud to be part of #DeepTechAtelier2026 with DEPCE\u2026\" loading=\"lazy\" draggable=\"false\" \/>\n\t\t\t\t\t\t\t\t\t\t\t\t\t<\/a>\n\t\t\t\t\t\t<div class=\"depcell-fb-feed__body\">\n\t\t\t\t\t\t\t\t\t\t\t\t\t\t\t<p class=\"depcell-fb-feed__date\">5 maijs, 2026<\/p>\n\t\t\t\t\t\t\t\t\t\t\t\t\t\t<h3 class=\"depcell-fb-feed__title\">From research to reality &#8211; proud to be part of #DeepTechAtelier2026 with DEPCE\u2026<\/h3>\n\t\t\t\t\t\t\t\t\t\t\t\t\t\t\t<div class=\"depcell-fb-feed__text-shell\">\n\t\t\t\t\t\t\t\t\t<div class=\"depcell-fb-feed__text-scroll\" tabindex=\"0\" aria-label=\"Pilns Facebook ieraksta teksts\">\n\t\t\t\t\t\t\t\t\t\t<div class=\"depcell-fb-feed__text\">From research to reality &#8211; proud to be part of #DeepTechAtelier2026 with DEPCELL.\nDEPCELL.COM\nLooking forward to meeting deep-tech, MedTech, investor and innovation partners, and sharing the vision behind DEPCELL: label-free stem cell sorting for scalable, therapy-ready cell manufacturing.\n#DeepTechAtelier2026 #DTA26 #DeepTech #MedTech #DEPCELL #BioPhoT #RigaTechnicalUniversity #StemCellTherapy #RegenerativeMedicine #Innovation<\/div>\n\t\t\t\t\t\t\t\t\t<\/div>\n\t\t\t\t\t\t\t\t<\/div>\n\t\t\t\t\t\t\t\t\t\t\t\t\t<\/div>\n\t\t\t\t\t<\/article>\n\t\t\t\t\t\t\t\t\t<article class=\"depcell-fb-feed__slide\" hidden aria-hidden=\"true\">\n\t\t\t\t\t\t<a class=\"depcell-fb-feed__image-link\" href=\"https:\/\/www.facebook.com\/122096358596778257\/posts\/122111341568778257\" target=\"_blank\" rel=\"noopener noreferrer\">\n\t\t\t\t\t\t\t\t\t\t\t\t\t\t\t<img decoding=\"async\" class=\"depcell-fb-feed__image\" src=\"https:\/\/scontent-hel3-1.xx.fbcdn.net\/v\/t39.30808-6\/688318710_122111341406778257_8414413477749562876_n.jpg?stp=dst-jpg_s720x720_tt6&#038;_nc_cat=101&#038;ccb=1-7&#038;_nc_sid=13d280&#038;_nc_ohc=lgi9ZYZctiUQ7kNvwHZor3J&#038;_nc_oc=Adq6JnSR1R84v7s8BVEU2yjmSdrvK_TZwiQjNjo8UcGrwYWMd7CA93D530wZhTdPGXc&#038;_nc_zt=23&#038;_nc_ht=scontent-hel3-1.xx&#038;edm=APyxFHYEAAAA&#038;_nc_gid=Xd1GgiwVhq-bdfwoITMUqw&#038;_nc_tpa=Q5bMBQFIxMuRXqM-YM3hsMp7WctSlgifXizlhnKfOq1OsSit20qPNtGgVewmDdXzrFinnXwEa9KwBpQBfA&#038;oh=00_Af4r--qKkv4vNSoxUiPVjQu-pcVw4WGt4WXYqI65BwT9nw&#038;oe=6A078EBB\" alt=\"From research to reality - proud to be part of #DeepTechAtelier2026 with DEPCE\u2026\" loading=\"lazy\" draggable=\"false\" \/>\n\t\t\t\t\t\t\t\t\t\t\t\t\t<\/a>\n\t\t\t\t\t\t<div class=\"depcell-fb-feed__body\">\n\t\t\t\t\t\t\t\t\t\t\t\t\t\t\t<p class=\"depcell-fb-feed__date\">5 maijs, 2026<\/p>\n\t\t\t\t\t\t\t\t\t\t\t\t\t\t<h3 class=\"depcell-fb-feed__title\">From research to reality &#8211; proud to be part of #DeepTechAtelier2026 with DEPCE\u2026<\/h3>\n\t\t\t\t\t\t\t\t\t\t\t\t\t\t\t<div class=\"depcell-fb-feed__text-shell\">\n\t\t\t\t\t\t\t\t\t<div class=\"depcell-fb-feed__text-scroll\" tabindex=\"0\" aria-label=\"Pilns Facebook ieraksta teksts\">\n\t\t\t\t\t\t\t\t\t\t<div class=\"depcell-fb-feed__text\">From research to reality &#8211; proud to be part of #DeepTechAtelier2026 with DEPCELL.\nDEPCELL.COM\nLooking forward to meeting deep-tech, MedTech, investor and innovation partners, and sharing the vision behind DEPCELL: label-free stem cell sorting for scalable, therapy-ready cell manufacturing.\n#DeepTechAtelier2026 #DTA26 #DeepTech #MedTech #DEPCELL #BioPhoT #RigaTechnicalUniversity #StemCellTherapy #RegenerativeMedicine #Innovation<\/div>\n\t\t\t\t\t\t\t\t\t<\/div>\n\t\t\t\t\t\t\t\t<\/div>\n\t\t\t\t\t\t\t\t\t\t\t\t\t<\/div>\n\t\t\t\t\t<\/article>\n\t\t\t\t\t\t\t\t\t<article class=\"depcell-fb-feed__slide\" hidden aria-hidden=\"true\">\n\t\t\t\t\t\t<a class=\"depcell-fb-feed__image-link\" href=\"https:\/\/www.facebook.com\/reel\/2356763561486062\/\" target=\"_blank\" rel=\"noopener noreferrer\">\n\t\t\t\t\t\t\t\t\t\t\t\t\t\t\t<img decoding=\"async\" class=\"depcell-fb-feed__image\" src=\"https:\/\/scontent-hel3-1.xx.fbcdn.net\/v\/t15.5256-10\/686088605_1501528671359559_6115861874638219997_n.jpg?_nc_cat=109&#038;ccb=1-7&#038;_nc_sid=5fad0e&#038;_nc_ohc=AFBa2R_R2XsQ7kNvwFIk_Oj&#038;_nc_oc=AdpfMlu1s6X-ZodP7rxbIcVYJVUyuVCXWnERWSaHBsEsdVpWX54_7dnIFAEVb1-w6E8&#038;_nc_zt=23&#038;_nc_ht=scontent-hel3-1.xx&#038;edm=APyxFHYEAAAA&#038;_nc_gid=Xd1GgiwVhq-bdfwoITMUqw&#038;_nc_tpa=Q5bMBQFr1yvZL_gBZkCFo44Wv908fI9NJgCVVNgSYGepAONIo4EuthgQAHyi3IhyyD4_W2i0FMyT77822g&#038;oh=00_Af7YZI_05Odh1avyF8uPtv4Y0fabtuOrekGDM7zy9QiGmQ&#038;oe=6A07B800\" alt=\"Not all stem cells are the same. DEPCELL is being developed to help select str\u2026\" loading=\"lazy\" draggable=\"false\" \/>\n\t\t\t\t\t\t\t\t\t\t\t\t\t<\/a>\n\t\t\t\t\t\t<div class=\"depcell-fb-feed__body\">\n\t\t\t\t\t\t\t\t\t\t\t\t\t\t\t<p class=\"depcell-fb-feed__date\">4 maijs, 2026<\/p>\n\t\t\t\t\t\t\t\t\t\t\t\t\t\t<h3 class=\"depcell-fb-feed__title\">Not all stem cells are the same. DEPCELL is being developed to help select str\u2026<\/h3>\n\t\t\t\t\t\t\t\t\t\t\t\t\t\t\t<div class=\"depcell-fb-feed__text-shell\">\n\t\t\t\t\t\t\t\t\t<div class=\"depcell-fb-feed__text-scroll\" tabindex=\"0\" aria-label=\"Pilns Facebook ieraksta teksts\">\n\t\t\t\t\t\t\t\t\t\t<div class=\"depcell-fb-feed__text\">Not all stem cells are the same.\n\nDEPCELL is being developed to help select stronger, living mesenchymal stem cells before they move forward in the therapy workflow. By using D E P \u2014 dielectrophoresis \u2014 DEPCELL aims to sort unlabelled cells without killing them and without adding unnecessary stress.\n\nThe goal is simple: better selected cells, better prepared therapies, and a clearer path from research to patients.\n\nFor patients with inflammatory and age-related conditions, cell quality matters. Compatibility matters. Preparation matters.\n\nDEPCELL is developed with research partners, clinicians, and supporters who want advanced cell therapy to become more precise, scalable, and accessible.\n\nLearn more: depcell.com\nContact: info@depcell.com\n\nNe visas cilmes \u0161\u016bnas ir vien\u0101das.\n\nDEPCELL tiek att\u012bst\u012bta k\u0101 tehnolo\u0123ija, kas pal\u012bdz atlas\u012bt sp\u0113c\u012bg\u0101kas, dz\u012bvas mezenhim\u0101l\u0101s cilmes \u0161\u016bnas pirms to t\u0101l\u0101kas izmanto\u0161anas terapijas sagatavo\u0161anas proces\u0101. Izmantojot D E P \u2014 dielektrofor\u0113zi \u2014 DEPCELL m\u0113r\u0137is ir \u0161\u0137irot nemar\u0137\u0113tas \u0161\u016bnas, t\u0101s nenogalinot un neradot t\u0101m nevajadz\u012bgu papildu stresu.\n\nM\u0113r\u0137is ir vienk\u0101r\u0161s: lab\u0101k atlas\u012btas \u0161\u016bnas, lab\u0101k sagatavotas terapijas un skaidr\u0101ks ce\u013c\u0161 no p\u0113tniec\u012bbas l\u012bdz pacientiem.\n\nPacientiem ar iekais\u012bg\u0101m un ar noveco\u0161anos saist\u012bt\u0101m saslim\u0161an\u0101m \u0161\u016bnu kvalit\u0101tei ir noz\u012bme. Sader\u012bbai ir noz\u012bme. Sagatavo\u0161anai ir noz\u012bme.\n\nDEPCELL tiek att\u012bst\u012bta kop\u0101 ar p\u0113tniec\u012bbas partneriem, kl\u012bnicistiem un atbalst\u012bt\u0101jiem, kuri v\u0113las, lai progres\u012bv\u0101 \u0161\u016bnu terapija k\u013c\u016btu prec\u012bz\u0101ka, m\u0113rogojam\u0101ka un pieejam\u0101ka.\n\nUzzini vair\u0101k: depcell.com\nKontakti: info@depcell.com\n\nRTU &#8211; R\u012bgas Tehnisk\u0101 universit\u0101teRTU RTU Innovations Uldis Berzins Inita Kr\u016bmi\u0146a DepCell J\u0101nis Baroni\u0146\u0161 \n\n#BioPhoT, #RTUinnovation, #RTU, #ScienceToBusiness, #DeepTechLatvia<\/div>\n\t\t\t\t\t\t\t\t\t<\/div>\n\t\t\t\t\t\t\t\t<\/div>\n\t\t\t\t\t\t\t\t\t\t\t\t\t<\/div>\n\t\t\t\t\t<\/article>\n\t\t\t\t\t\t\t\t\t<article class=\"depcell-fb-feed__slide\" hidden aria-hidden=\"true\">\n\t\t\t\t\t\t<a class=\"depcell-fb-feed__image-link\" href=\"https:\/\/www.facebook.com\/122096358596778257\/posts\/122107124954778257\" target=\"_blank\" rel=\"noopener noreferrer\">\n\t\t\t\t\t\t\t\t\t\t\t\t\t\t\t<img decoding=\"async\" class=\"depcell-fb-feed__image\" src=\"https:\/\/scontent-hel3-1.xx.fbcdn.net\/v\/t39.30808-6\/677913492_122107124924778257_7617875043298582780_n.jpg?stp=cp1_dst-jpg_s960x960_tt6&#038;_nc_cat=103&#038;ccb=1-7&#038;_nc_sid=7b2446&#038;_nc_ohc=xcrbFLsAObQQ7kNvwFzxPrK&#038;_nc_oc=Adr3mn9gHaxfOwtK2yNLeABufQGOOShsop6D2CU0Ck8LzHdFPNBrI2nML6Sbg7z7Fo0&#038;_nc_zt=23&#038;_nc_ht=scontent-hel3-1.xx&#038;edm=APyxFHYEAAAA&#038;_nc_gid=Xd1GgiwVhq-bdfwoITMUqw&#038;_nc_tpa=Q5bMBQGxSKYnwWcA9z1dji0Tx-Vur3vp15TS1b7P1v0GvtOgHTixwHoGMqLf0QEL9k36TUH3i9afjzrFrA&#038;oh=00_Af6Fh_1bJvIQlA0gd9ARND4Qwe8k8a9DvjHqS30wF_32zQ&#038;oe=6A07AF9F\" alt=\"RTU - R\u012bgas Tehnisk\u0101 universit\u0101te RTU Innovations Uldis Berzins Aija Balt\u0101 #bi\u2026\" loading=\"lazy\" draggable=\"false\" \/>\n\t\t\t\t\t\t\t\t\t\t\t\t\t<\/a>\n\t\t\t\t\t\t<div class=\"depcell-fb-feed__body\">\n\t\t\t\t\t\t\t\t\t\t\t\t\t\t\t<p class=\"depcell-fb-feed__date\">21 apr\u012blis, 2026<\/p>\n\t\t\t\t\t\t\t\t\t\t\t\t\t\t<h3 class=\"depcell-fb-feed__title\">RTU &#8211; R\u012bgas Tehnisk\u0101 universit\u0101te RTU Innovations Uldis Berzins Aija Balt\u0101 #bi\u2026<\/h3>\n\t\t\t\t\t\t\t\t\t\t\t\t\t\t\t<div class=\"depcell-fb-feed__text-shell\">\n\t\t\t\t\t\t\t\t\t<div class=\"depcell-fb-feed__text-scroll\" tabindex=\"0\" aria-label=\"Pilns Facebook ieraksta teksts\">\n\t\t\t\t\t\t\t\t\t\t<div class=\"depcell-fb-feed__text\">RTU &#8211; R\u012bgas Tehnisk\u0101 universit\u0101te RTU Innovations Uldis Berzins Aija Balt\u0101 #biophot #deeptechlatvia<\/div>\n\t\t\t\t\t\t\t\t\t<\/div>\n\t\t\t\t\t\t\t\t<\/div>\n\t\t\t\t\t\t\t\t\t\t\t\t\t<\/div>\n\t\t\t\t\t<\/article>\n\t\t\t\t\t\t\t<\/div>\n\t\t\t<div class=\"depcell-fb-feed__dots\" role=\"tablist\" aria-label=\"Facebook post navigation\">\n\t\t\t\t\t\t\t\t\t<button type=\"button\" class=\"depcell-fb-feed__dot is-active\" data-index=\"0\" aria-label=\"Go to post 1\" aria-selected=\"true\"><\/button>\n\t\t\t\t\t\t\t\t\t<button type=\"button\" class=\"depcell-fb-feed__dot\" data-index=\"1\" aria-label=\"Go to post 2\" aria-selected=\"false\"><\/button>\n\t\t\t\t\t\t\t\t\t<button type=\"button\" class=\"depcell-fb-feed__dot\" data-index=\"2\" aria-label=\"Go to post 3\" aria-selected=\"false\"><\/button>\n\t\t\t\t\t\t\t\t\t<button type=\"button\" class=\"depcell-fb-feed__dot\" data-index=\"3\" aria-label=\"Go to post 4\" aria-selected=\"false\"><\/button>\n\t\t\t\t\t\t\t\t\t<button type=\"button\" class=\"depcell-fb-feed__dot\" data-index=\"4\" aria-label=\"Go to post 5\" aria-selected=\"false\"><\/button>\n\t\t\t\t\t\t\t<\/div>\n\t\t<\/div>\n\t\t<\/div>\n\n\n\n<div class=\"wp-block-group alignfull ext-hero-section is-style-ext-preset--group--natural-1--section ext-animate--on has-tertiary-background-color has-background has-global-padding is-layout-constrained wp-block-group-is-layout-constrained\" style=\"margin-top:0;margin-bottom:0;padding-top:var(--wp--preset--spacing--50);padding-bottom:var(--wp--preset--spacing--70)\">\n<div class=\"wp-block-columns alignwide are-vertically-aligned-center ext-animate--on is-layout-flex wp-container-core-columns-is-layout-174606dc wp-block-columns-is-layout-flex\">\n<div class=\"wp-block-column is-vertically-aligned-center ext-animate--on is-layout-flow wp-block-column-is-layout-flow\">\n<h1 class=\"wp-block-heading ext-animate--on\">Cilmes \u0161\u016bnu inov\u0101ciju virz\u012bt\u0101jsp\u0113ks Latvij\u0101<\/h1>\n\n\n\n<p class=\"ext-animate--on\" style=\"margin-top:1.5rem\">Iepaz\u012bstiet inovat\u012bvus p\u0113t\u012bjumus un sadarb\u012bbas iniciat\u012bvas, kas veicina pieejam\u0101ku cilmes \u0161\u016bnu terapiju, vied\u0101ku \u0161\u016bnu \u0161\u0137iro\u0161anu un medic\u012bnas zin\u0101tnes att\u012bst\u012bbu Latvij\u0101.<\/p>\n<\/div>\n\n\n\n<div class=\"wp-block-column is-vertically-aligned-center ext-animate--on is-layout-flow wp-block-column-is-layout-flow\">\n<figure class=\"wp-block-image size-large is-style-ext-preset--image--natural-1--image-1--content-left ext-animate--on is-style-ext-preset--image--natural-1--image-1--content-left--4\"><img loading=\"lazy\" decoding=\"async\" width=\"1024\" height=\"1024\" src=\"https:\/\/depcell.com\/wp-content\/uploads\/2026\/04\/GPT_31-1024x1024.png\" alt=\"\" class=\"wp-image-220\" style=\"aspect-ratio:1;object-fit:cover\" srcset=\"https:\/\/depcell.com\/wp-content\/uploads\/2026\/04\/GPT_31-1024x1024.png 1024w, https:\/\/depcell.com\/wp-content\/uploads\/2026\/04\/GPT_31-300x300.png 300w, https:\/\/depcell.com\/wp-content\/uploads\/2026\/04\/GPT_31-150x150.png 150w, https:\/\/depcell.com\/wp-content\/uploads\/2026\/04\/GPT_31-768x768.png 768w, https:\/\/depcell.com\/wp-content\/uploads\/2026\/04\/GPT_31-12x12.png 12w, https:\/\/depcell.com\/wp-content\/uploads\/2026\/04\/GPT_31.png 1254w\" sizes=\"auto, (max-width: 1024px) 100vw, 1024px\" \/><\/figure>\n<\/div>\n<\/div>\n<\/div>\n\n\n\n<div class=\"wp-block-group alignfull is-style-ext-preset--group--natural-1--section has-background-background-color has-background has-global-padding is-layout-constrained wp-block-group-is-layout-constrained\" id=\"about\" style=\"margin-top:0;margin-bottom:0;padding-top:var(--wp--preset--spacing--70);padding-bottom:var(--wp--preset--spacing--70)\">\n<div class=\"wp-block-columns alignwide are-vertically-aligned-center is-layout-flex wp-container-core-columns-is-layout-174606dc wp-block-columns-is-layout-flex\">\n<div class=\"wp-block-column is-vertically-aligned-center is-layout-flow wp-block-column-is-layout-flow\">\n<figure class=\"wp-block-image size-full is-style-ext-preset--image--natural-1--image-1--content-right ext-animate--on is-style-ext-preset--image--natural-1--image-1--content-right--6\"><img loading=\"lazy\" decoding=\"async\" width=\"1024\" height=\"1024\" src=\"https:\/\/depcell.com\/wp-content\/uploads\/2026\/03\/ChatGPT-Image-2026.-g.-25.-marts-22_56_13.png\" alt=\"\" class=\"wp-image-179\" style=\"aspect-ratio:1;object-fit:cover\" srcset=\"https:\/\/depcell.com\/wp-content\/uploads\/2026\/03\/ChatGPT-Image-2026.-g.-25.-marts-22_56_13.png 1024w, https:\/\/depcell.com\/wp-content\/uploads\/2026\/03\/ChatGPT-Image-2026.-g.-25.-marts-22_56_13-300x300.png 300w, https:\/\/depcell.com\/wp-content\/uploads\/2026\/03\/ChatGPT-Image-2026.-g.-25.-marts-22_56_13-150x150.png 150w, https:\/\/depcell.com\/wp-content\/uploads\/2026\/03\/ChatGPT-Image-2026.-g.-25.-marts-22_56_13-768x768.png 768w, https:\/\/depcell.com\/wp-content\/uploads\/2026\/03\/ChatGPT-Image-2026.-g.-25.-marts-22_56_13-12x12.png 12w\" sizes=\"auto, (max-width: 1024px) 100vw, 1024px\" \/><\/figure>\n<\/div>\n\n\n\n<div class=\"wp-block-column is-vertically-aligned-center is-layout-flow wp-block-column-is-layout-flow\">\n<h2 class=\"wp-block-heading ext-animate--on\">P\u0113tniec\u012bbas un cilmes \u0161\u016bnu inov\u0101ciju savieno\u0161ana<\/h2>\n\n\n\n<p class=\"ext-animate--on\" style=\"margin-top:1.5rem\">DEPCELL m\u0113r\u0137is ir valid\u0113t uz dielektrofor\u0113zi balst\u012btu sist\u0113mu cilmes \u0161\u016bnu popul\u0101ciju izdal\u012b\u0161anai ar paaugstin\u0101tu terapeitisko potenci\u0101lu, lai veicin\u0101tu efekt\u012bv\u0101ku t\u0101du autoim\u016bnu slim\u012bbu \u0101rst\u0113\u0161anu, kuras nav pietiekami kontrol\u0113jamas ar konvencion\u0101lo terapiju. Projekts \u012bpa\u0161i koncentr\u0113jas uz psori\u0101zi, Krona slim\u012bbu, 1. tipa cukura diab\u0113tu un reimato\u012bdo artr\u012btu.<\/p>\n<\/div>\n<\/div>\n<\/div>\n\n\n\n<div class=\"wp-block-group alignfull ext-hero-section is-style-ext-preset--group--natural-1--section ext-animate--on has-tertiary-background-color has-background is-layout-flow wp-block-group-is-layout-flow\" style=\"margin-top:0;margin-bottom:0;padding-top:var(--wp--preset--spacing--50);padding-bottom:var(--wp--preset--spacing--70)\">\n<div class=\"wp-block-columns alignwide are-vertically-aligned-center ext-animate--on is-layout-flex wp-container-core-columns-is-layout-174606dc wp-block-columns-is-layout-flex\">\n<div class=\"wp-block-column is-vertically-aligned-center ext-animate--on is-layout-flow wp-block-column-is-layout-flow\">\n<h1 class=\"wp-block-heading has-text-align-center ext-animate--on\">Partneri<\/h1>\n<\/div>\n<\/div>\n\n\n\n<figure class=\"wp-block-image aligncenter size-full is-resized ext-animate--on\"><img loading=\"lazy\" decoding=\"async\" width=\"878\" height=\"857\" src=\"https:\/\/depcell.com\/wp-content\/uploads\/2026\/04\/03.png\" alt=\"\" class=\"wp-image-236\" style=\"aspect-ratio:1;object-fit:contain;width:1268px\" srcset=\"https:\/\/depcell.com\/wp-content\/uploads\/2026\/04\/03.png 878w, https:\/\/depcell.com\/wp-content\/uploads\/2026\/04\/03-300x293.png 300w, https:\/\/depcell.com\/wp-content\/uploads\/2026\/04\/03-768x750.png 768w, https:\/\/depcell.com\/wp-content\/uploads\/2026\/04\/03-12x12.png 12w\" sizes=\"auto, (max-width: 878px) 100vw, 878px\" \/><\/figure>\n<\/div>\n\n\n\n<h2 class=\"wp-block-heading has-text-align-center ext-animate--on\" id=\"contacts\">Kontakti<\/h2>\n\n\n\n<p class=\"has-text-align-center ext-animate--on\">info@depcell.com<\/p>","protected":false},"excerpt":{"rendered":"<p>About Our team has created a new pathway for isolating the most valuable stem cells with the longest telomeres, reaching purity levels close to 95% regardless of source. This gives a clear advantage over approaches that rely on naturally younger cell sources and lower-value cell populations. Our mission is to validate and commercialize this technology [&hellip;]<\/p>\n","protected":false},"author":1,"featured_media":0,"parent":0,"menu_order":0,"comment_status":"closed","ping_status":"closed","template":"no-title","meta":{"_monsterinsights_skip_tracking":false,"_monsterinsights_sitenote_active":false,"_monsterinsights_sitenote_note":"","_monsterinsights_sitenote_category":0,"footnotes":""},"class_list":["post-105","page","type-page","status-publish","hentry"],"_links":{"self":[{"href":"https:\/\/depcell.com\/lv\/wp-json\/wp\/v2\/pages\/105","targetHints":{"allow":["GET"]}}],"collection":[{"href":"https:\/\/depcell.com\/lv\/wp-json\/wp\/v2\/pages"}],"about":[{"href":"https:\/\/depcell.com\/lv\/wp-json\/wp\/v2\/types\/page"}],"author":[{"embeddable":true,"href":"https:\/\/depcell.com\/lv\/wp-json\/wp\/v2\/users\/1"}],"replies":[{"embeddable":true,"href":"https:\/\/depcell.com\/lv\/wp-json\/wp\/v2\/comments?post=105"}],"version-history":[{"count":45,"href":"https:\/\/depcell.com\/lv\/wp-json\/wp\/v2\/pages\/105\/revisions"}],"predecessor-version":[{"id":640,"href":"https:\/\/depcell.com\/lv\/wp-json\/wp\/v2\/pages\/105\/revisions\/640"}],"wp:attachment":[{"href":"https:\/\/depcell.com\/lv\/wp-json\/wp\/v2\/media?parent=105"}],"curies":[{"name":"wp","href":"https:\/\/api.w.org\/{rel}","templated":true}]}}