{"id":104,"date":"2026-03-24T21:45:01","date_gmt":"2026-03-24T21:45:01","guid":{"rendered":"https:\/\/depcell.com\/team\/"},"modified":"2026-04-07T20:39:08","modified_gmt":"2026-04-07T20:39:08","slug":"team","status":"publish","type":"page","link":"https:\/\/depcell.com\/lv\/team\/","title":{"rendered":"Komanda"},"content":{"rendered":"<div class=\"wp-block-group alignfull is-style-ext-preset--group--natural-1--section has-tertiary-background-color has-background has-global-padding is-layout-constrained wp-container-core-group-is-layout-e955bbaf wp-block-group-is-layout-constrained\" id=\"team\" style=\"margin-top:0;margin-bottom:0;padding-top:var(--wp--preset--spacing--70);padding-bottom:var(--wp--preset--spacing--70)\">\n<h2 class=\"wp-block-heading has-text-align-center ext-animate--on\">Vado\u0161\u0101s inov\u0101cijas cilmes \u0161\u016bnu terapij\u0101<\/h2>\n\n\n\n<p class=\"has-text-align-center ext-animate--on\" style=\"margin-top:1.5rem\">Iepaz\u012bstiet DEPCELL p\u0113tniec\u012bbu virzo\u0161os speci\u0101listus.<\/p>\n\n\n\n<div class=\"wp-block-columns alignwide is-layout-flex wp-container-core-columns-is-layout-08c01c1c wp-block-columns-is-layout-flex\">\n<div class=\"wp-block-column is-vertically-aligned-stretch ext-animate--on is-layout-flow wp-block-column-is-layout-flow\">\n<div class=\"wp-block-group is-style-ext-preset--group--natural-1--item-card-1--align-center has-global-padding is-layout-constrained wp-block-group-is-layout-constrained is-style-ext-preset--group--natural-1--item-card-1--align-center--2\">\n<figure class=\"wp-block-image size-full\"><img loading=\"lazy\" decoding=\"async\" width=\"784\" height=\"784\" src=\"https:\/\/depcell.com\/wp-content\/uploads\/2026\/03\/Attels6-1.png\" alt=\"\" class=\"wp-image-184\" style=\"aspect-ratio:1;object-fit:cover\" srcset=\"https:\/\/depcell.com\/wp-content\/uploads\/2026\/03\/Attels6-1.png 784w, https:\/\/depcell.com\/wp-content\/uploads\/2026\/03\/Attels6-1-300x300.png 300w, https:\/\/depcell.com\/wp-content\/uploads\/2026\/03\/Attels6-1-150x150.png 150w, https:\/\/depcell.com\/wp-content\/uploads\/2026\/03\/Attels6-1-768x768.png 768w, https:\/\/depcell.com\/wp-content\/uploads\/2026\/03\/Attels6-1-12x12.png 12w\" sizes=\"auto, (max-width: 784px) 100vw, 784px\" \/><\/figure>\n\n\n\n<div class=\"wp-block-group is-style-default has-global-padding is-layout-constrained wp-block-group-is-layout-constrained\">\n<h3 class=\"wp-block-heading\" style=\"font-size:clamp(14px, 0.875rem + ((1vw - 3.2px) * 0.625), 20px);\">PhD J\u0101nis Baroni\u0146\u0161<\/h3>\n\n\n\n<p style=\"margin-top:0;margin-bottom:0;font-size:clamp(14px, 0.875rem + ((1vw - 3.2px) * 0.417), 18px);\">Vado\u0161ais p\u0113tnieks \n(projekta zin\u0101tniskais vad\u012bt\u0101js)<\/p>\n\n\n\n<p>MSC research, chemistry, materials engineering<\/p>\n\n\n\n<ul class=\"wp-block-social-links has-normal-icon-size has-icon-color is-style-logos-only is-content-justification-center is-layout-flex wp-container-core-social-links-is-layout-4ee90c78 wp-block-social-links-is-layout-flex\" style=\"margin-top:24px\"><li style=\"color:#0B0620;\" class=\"wp-social-link wp-social-link-linkedin has-foreground-color wp-block-social-link\"><a href=\"https:\/\/www.linkedin.com\/in\/j%C4%81nis-baroni%C5%86%C5%A1-53672948\/\" class=\"wp-block-social-link-anchor\"><svg width=\"24\" height=\"24\" viewbox=\"0 0 24 24\" version=\"1.1\" xmlns=\"http:\/\/www.w3.org\/2000\/svg\" aria-hidden=\"true\" focusable=\"false\"><path d=\"M19.7,3H4.3C3.582,3,3,3.582,3,4.3v15.4C3,20.418,3.582,21,4.3,21h15.4c0.718,0,1.3-0.582,1.3-1.3V4.3 C21,3.582,20.418,3,19.7,3z M8.339,18.338H5.667v-8.59h2.672V18.338z M7.004,8.574c-0.857,0-1.549-0.694-1.549-1.548 c0-0.855,0.691-1.548,1.549-1.548c0.854,0,1.547,0.694,1.547,1.548C8.551,7.881,7.858,8.574,7.004,8.574z M18.339,18.338h-2.669 v-4.177c0-0.996-0.017-2.278-1.387-2.278c-1.389,0-1.601,1.086-1.601,2.206v4.249h-2.667v-8.59h2.559v1.174h0.037 c0.356-0.675,1.227-1.387,2.526-1.387c2.703,0,3.203,1.779,3.203,4.092V18.338z\"><\/path><\/svg><span class=\"wp-block-social-link-label screen-reader-text\">LinkedIn<\/span><\/a><\/li>\n\n<li style=\"color:#0B0620;\" class=\"wp-social-link wp-social-link-facebook has-foreground-color ext-animate--on wp-block-social-link\"><a href=\"https:\/\/www.facebook.com\/baronins.janis\" class=\"wp-block-social-link-anchor\"><svg width=\"24\" height=\"24\" viewbox=\"0 0 24 24\" version=\"1.1\" xmlns=\"http:\/\/www.w3.org\/2000\/svg\" aria-hidden=\"true\" focusable=\"false\"><path d=\"M12 2C6.5 2 2 6.5 2 12c0 5 3.7 9.1 8.4 9.9v-7H7.9V12h2.5V9.8c0-2.5 1.5-3.9 3.8-3.9 1.1 0 2.2.2 2.2.2v2.5h-1.3c-1.2 0-1.6.8-1.6 1.6V12h2.8l-.4 2.9h-2.3v7C18.3 21.1 22 17 22 12c0-5.5-4.5-10-10-10z\"><\/path><\/svg><span class=\"wp-block-social-link-label screen-reader-text\">Facebook<\/span><\/a><\/li><\/ul>\n<\/div>\n<\/div>\n<\/div>\n\n\n\n<div class=\"wp-block-column is-vertically-aligned-stretch ext-animate--on is-layout-flow wp-block-column-is-layout-flow\">\n<div class=\"wp-block-group is-style-ext-preset--group--natural-1--item-card-1--align-center has-global-padding is-layout-constrained wp-block-group-is-layout-constrained is-style-ext-preset--group--natural-1--item-card-1--align-center--3\">\n<figure class=\"wp-block-image size-large\"><img loading=\"lazy\" decoding=\"async\" width=\"1024\" height=\"1024\" src=\"https:\/\/depcell.com\/wp-content\/uploads\/2026\/03\/Attels3-3-1024x1024.png\" alt=\"\" class=\"wp-image-191\" style=\"aspect-ratio:1;object-fit:cover\" srcset=\"https:\/\/depcell.com\/wp-content\/uploads\/2026\/03\/Attels3-3-1024x1024.png 1024w, https:\/\/depcell.com\/wp-content\/uploads\/2026\/03\/Attels3-3-300x300.png 300w, https:\/\/depcell.com\/wp-content\/uploads\/2026\/03\/Attels3-3-150x150.png 150w, https:\/\/depcell.com\/wp-content\/uploads\/2026\/03\/Attels3-3-768x768.png 768w, https:\/\/depcell.com\/wp-content\/uploads\/2026\/03\/Attels3-3-1536x1536.png 1536w, https:\/\/depcell.com\/wp-content\/uploads\/2026\/03\/Attels3-3-12x12.png 12w, https:\/\/depcell.com\/wp-content\/uploads\/2026\/03\/Attels3-3.png 1792w\" sizes=\"auto, (max-width: 1024px) 100vw, 1024px\" \/><\/figure>\n\n\n\n<div class=\"wp-block-group is-style-default has-global-padding is-layout-constrained wp-block-group-is-layout-constrained\">\n<h3 class=\"wp-block-heading\" style=\"font-size:clamp(14px, 0.875rem + ((1vw - 3.2px) * 0.625), 20px);\">Dr.mol.biol. Uldis B\u0113rzi\u0146\u0161<\/h3>\n\n\n\n<p style=\"margin-top:0;margin-bottom:0;font-size:clamp(14px, 0.875rem + ((1vw - 3.2px) * 0.417), 18px);\">Vado\u0161ais p\u0113tnieks<\/p>\n\n\n\n<p>\u0100rsts, kvalific\u0113t\u0101 persona, jaunieviesto z\u0101\u013cu ra\u017eo\u0161ana  (\u0101rst\u0113\u0161ana slimn\u012bcas iz\u0146\u0113muma re\u017e\u012bm\u0101) GMP, sadarb\u012bbas saskarne ar industriju<\/p>\n\n\n\n<ul class=\"wp-block-social-links has-normal-icon-size has-icon-color is-style-logos-only is-content-justification-center is-layout-flex wp-container-core-social-links-is-layout-4ee90c78 wp-block-social-links-is-layout-flex\" style=\"margin-top:24px\"><li style=\"color:#0B0620;\" class=\"wp-social-link wp-social-link-facebook has-foreground-color ext-animate--on wp-block-social-link\"><a href=\"https:\/\/www.facebook.com\/uldis.berzins.927\" class=\"wp-block-social-link-anchor\"><svg width=\"24\" height=\"24\" viewbox=\"0 0 24 24\" version=\"1.1\" xmlns=\"http:\/\/www.w3.org\/2000\/svg\" aria-hidden=\"true\" focusable=\"false\"><path d=\"M12 2C6.5 2 2 6.5 2 12c0 5 3.7 9.1 8.4 9.9v-7H7.9V12h2.5V9.8c0-2.5 1.5-3.9 3.8-3.9 1.1 0 2.2.2 2.2.2v2.5h-1.3c-1.2 0-1.6.8-1.6 1.6V12h2.8l-.4 2.9h-2.3v7C18.3 21.1 22 17 22 12c0-5.5-4.5-10-10-10z\"><\/path><\/svg><span class=\"wp-block-social-link-label screen-reader-text\">Facebook<\/span><\/a><\/li>\n\n<li style=\"color:#0B0620;\" class=\"wp-social-link wp-social-link-dribbble has-foreground-color wp-block-social-link\"><a href=\"https:\/\/www.cst.lv\/\" class=\"wp-block-social-link-anchor\"><svg width=\"24\" height=\"24\" viewbox=\"0 0 24 24\" version=\"1.1\" xmlns=\"http:\/\/www.w3.org\/2000\/svg\" aria-hidden=\"true\" focusable=\"false\"><path d=\"M12,22C6.486,22,2,17.514,2,12S6.486,2,12,2c5.514,0,10,4.486,10,10S17.514,22,12,22z M20.434,13.369 c-0.292-0.092-2.644-0.794-5.32-0.365c1.117,3.07,1.572,5.57,1.659,6.09C18.689,17.798,20.053,15.745,20.434,13.369z M15.336,19.876c-0.127-0.749-0.623-3.361-1.822-6.477c-0.019,0.006-0.038,0.013-0.056,0.019c-4.818,1.679-6.547,5.02-6.701,5.334 c1.448,1.129,3.268,1.803,5.243,1.803C13.183,20.555,14.311,20.313,15.336,19.876z M5.654,17.724 c0.193-0.331,2.538-4.213,6.943-5.637c0.111-0.036,0.224-0.07,0.337-0.102c-0.214-0.485-0.448-0.971-0.692-1.45 c-4.266,1.277-8.405,1.223-8.778,1.216c-0.003,0.087-0.004,0.174-0.004,0.261C3.458,14.207,4.29,16.21,5.654,17.724z M3.639,10.264 c0.382,0.005,3.901,0.02,7.897-1.041c-1.415-2.516-2.942-4.631-3.167-4.94C5.979,5.41,4.193,7.613,3.639,10.264z M9.998,3.709 c0.236,0.316,1.787,2.429,3.187,5c3.037-1.138,4.323-2.867,4.477-3.085C16.154,4.286,14.17,3.471,12,3.471 C11.311,3.471,10.641,3.554,9.998,3.709z M18.612,6.612C18.432,6.855,17,8.69,13.842,9.979c0.199,0.407,0.389,0.821,0.567,1.237 c0.063,0.148,0.124,0.295,0.184,0.441c2.842-0.357,5.666,0.215,5.948,0.275C20.522,9.916,19.801,8.065,18.612,6.612z\"><\/path><\/svg><span class=\"wp-block-social-link-label screen-reader-text\">Dribbble<\/span><\/a><\/li><\/ul>\n<\/div>\n<\/div>\n\n\n\n<figure class=\"wp-block-image size-large\"><img loading=\"lazy\" decoding=\"async\" width=\"1024\" height=\"1024\" src=\"https:\/\/depcell.com\/wp-content\/uploads\/2026\/03\/Attels7-1024x1024.png\" alt=\"\" class=\"wp-image-192\" style=\"aspect-ratio:1;object-fit:cover\" srcset=\"https:\/\/depcell.com\/wp-content\/uploads\/2026\/03\/Attels7-1024x1024.png 1024w, https:\/\/depcell.com\/wp-content\/uploads\/2026\/03\/Attels7-300x300.png 300w, https:\/\/depcell.com\/wp-content\/uploads\/2026\/03\/Attels7-150x150.png 150w, https:\/\/depcell.com\/wp-content\/uploads\/2026\/03\/Attels7-768x768.png 768w, https:\/\/depcell.com\/wp-content\/uploads\/2026\/03\/Attels7-1536x1536.png 1536w, https:\/\/depcell.com\/wp-content\/uploads\/2026\/03\/Attels7-12x12.png 12w, https:\/\/depcell.com\/wp-content\/uploads\/2026\/03\/Attels7.png 1796w\" sizes=\"auto, (max-width: 1024px) 100vw, 1024px\" \/><\/figure>\n\n\n\n<div class=\"wp-block-group is-style-default has-global-padding is-layout-constrained wp-block-group-is-layout-constrained\">\n<h3 class=\"wp-block-heading has-text-align-center\" style=\"font-size:clamp(14px, 0.875rem + ((1vw - 3.2px) * 0.625), 20px);\">Dr.Sc.ing. llm\u0101rs V\u012bksne<\/h3>\n\n\n\n<p class=\"has-text-align-center\" style=\"margin-top:0;margin-bottom:0;font-size:clamp(14px, 0.875rem + ((1vw - 3.2px) * 0.417), 18px);\">Vado\u0161ais p\u0113tnieks<\/p>\n\n\n\n<p class=\"has-text-align-center\">M\u0101ksl\u012bgais intelekts; lielie dati; mehatronika<\/p>\n\n\n\n<ul class=\"wp-block-social-links has-normal-icon-size has-icon-color is-style-logos-only is-content-justification-center is-layout-flex wp-container-core-social-links-is-layout-4ee90c78 wp-block-social-links-is-layout-flex\" style=\"margin-top:24px\"><li style=\"color:#0B0620;\" class=\"wp-social-link wp-social-link-facebook has-foreground-color ext-animate--on wp-block-social-link\"><a href=\"https:\/\/www.facebook.com\/ilmars.viksne\" class=\"wp-block-social-link-anchor\"><svg width=\"24\" height=\"24\" viewbox=\"0 0 24 24\" version=\"1.1\" xmlns=\"http:\/\/www.w3.org\/2000\/svg\" aria-hidden=\"true\" focusable=\"false\"><path d=\"M12 2C6.5 2 2 6.5 2 12c0 5 3.7 9.1 8.4 9.9v-7H7.9V12h2.5V9.8c0-2.5 1.5-3.9 3.8-3.9 1.1 0 2.2.2 2.2.2v2.5h-1.3c-1.2 0-1.6.8-1.6 1.6V12h2.8l-.4 2.9h-2.3v7C18.3 21.1 22 17 22 12c0-5.5-4.5-10-10-10z\"><\/path><\/svg><span class=\"wp-block-social-link-label screen-reader-text\">Facebook<\/span><\/a><\/li><\/ul>\n<\/div>\n<\/div>\n\n\n\n<div class=\"wp-block-column is-vertically-aligned-stretch ext-animate--on is-layout-flow wp-block-column-is-layout-flow\">\n<div class=\"wp-block-group is-style-ext-preset--group--natural-1--item-card-1--align-center has-global-padding is-layout-constrained wp-block-group-is-layout-constrained is-style-ext-preset--group--natural-1--item-card-1--align-center--4\">\n<figure class=\"wp-block-image size-large\"><img loading=\"lazy\" decoding=\"async\" width=\"1024\" height=\"1024\" src=\"https:\/\/depcell.com\/wp-content\/uploads\/2026\/03\/Attels5-2-1024x1024.png\" alt=\"\" class=\"wp-image-186\" style=\"aspect-ratio:1;object-fit:cover\" srcset=\"https:\/\/depcell.com\/wp-content\/uploads\/2026\/03\/Attels5-2-1024x1024.png 1024w, https:\/\/depcell.com\/wp-content\/uploads\/2026\/03\/Attels5-2-300x300.png 300w, https:\/\/depcell.com\/wp-content\/uploads\/2026\/03\/Attels5-2-150x150.png 150w, https:\/\/depcell.com\/wp-content\/uploads\/2026\/03\/Attels5-2-768x768.png 768w, https:\/\/depcell.com\/wp-content\/uploads\/2026\/03\/Attels5-2-1536x1536.png 1536w, https:\/\/depcell.com\/wp-content\/uploads\/2026\/03\/Attels5-2-12x12.png 12w, https:\/\/depcell.com\/wp-content\/uploads\/2026\/03\/Attels5-2.png 1791w\" sizes=\"auto, (max-width: 1024px) 100vw, 1024px\" \/><\/figure>\n\n\n\n<div class=\"wp-block-group is-style-default has-global-padding is-layout-constrained wp-block-group-is-layout-constrained\">\n<h3 class=\"wp-block-heading\" style=\"font-size:clamp(14px, 0.875rem + ((1vw - 3.2px) * 0.625), 20px);\">MS Psych. Aija Rautmane<\/h3>\n\n\n\n<p style=\"margin-top:0;margin-bottom:0;font-size:clamp(14px, 0.875rem + ((1vw - 3.2px) * 0.417), 18px);\">Zin\u0101tnisk\u0101 asistente<\/p>\n\n\n\n<p>Klientu profil\u0113\u0161ana un vajadz\u012bbu anal\u012bze<\/p>\n\n\n\n<ul class=\"wp-block-social-links has-normal-icon-size has-icon-color is-style-logos-only is-content-justification-center is-layout-flex wp-container-core-social-links-is-layout-4ee90c78 wp-block-social-links-is-layout-flex\" style=\"margin-top:24px\"><li style=\"color:#0B0620;\" class=\"wp-social-link wp-social-link-facebook has-foreground-color ext-animate--on wp-block-social-link\"><a href=\"https:\/\/www.facebook.com\/profile.php?id=100005667676753\" class=\"wp-block-social-link-anchor\"><svg width=\"24\" height=\"24\" viewbox=\"0 0 24 24\" version=\"1.1\" xmlns=\"http:\/\/www.w3.org\/2000\/svg\" aria-hidden=\"true\" focusable=\"false\"><path d=\"M12 2C6.5 2 2 6.5 2 12c0 5 3.7 9.1 8.4 9.9v-7H7.9V12h2.5V9.8c0-2.5 1.5-3.9 3.8-3.9 1.1 0 2.2.2 2.2.2v2.5h-1.3c-1.2 0-1.6.8-1.6 1.6V12h2.8l-.4 2.9h-2.3v7C18.3 21.1 22 17 22 12c0-5.5-4.5-10-10-10z\"><\/path><\/svg><span class=\"wp-block-social-link-label screen-reader-text\">Facebook<\/span><\/a><\/li><\/ul>\n<\/div>\n<\/div>\n<\/div>\n<\/div>\n<\/div>\n\n\n\n<div class=\"wp-block-group alignfull is-style-ext-preset--group--natural-1--section has-background-background-color has-background has-global-padding is-layout-constrained wp-container-core-group-is-layout-e955bbaf wp-block-group-is-layout-constrained\" style=\"margin-top:0;margin-bottom:0;padding-top:var(--wp--preset--spacing--70);padding-bottom:var(--wp--preset--spacing--70)\">\n<h2 class=\"wp-block-heading has-text-align-center ext-animate--on\">Iepaz\u012bstiet DEPCELL komandu<\/h2>\n\n\n\n<p class=\"has-text-align-center ext-animate--on\" style=\"margin-top:1.5rem\">Uzziniet vair\u0101k par speci\u0101listiem, kuri virza cilmes \u0161\u016bnu terapijas inov\u0101cijas un noz\u012bm\u012bgus sasniegumus.<\/p>\n\n\n\n<div class=\"wp-block-columns alignwide is-layout-flex wp-container-core-columns-is-layout-08c01c1c wp-block-columns-is-layout-flex\">\n<div class=\"wp-block-column is-vertically-aligned-stretch ext-animate--on is-layout-flow wp-container-core-column-is-layout-f5bb311e wp-block-column-is-layout-flow\">\n<div class=\"wp-block-group is-style-ext-preset--group--natural-1--item-card-1--align-center has-global-padding is-layout-constrained wp-block-group-is-layout-constrained is-style-ext-preset--group--natural-1--item-card-1--align-center--6\">\n<div class=\"wp-block-group is-style-default has-global-padding is-layout-constrained wp-block-group-is-layout-constrained\">\n<h3 class=\"wp-block-heading has-primary-color has-text-color has-link-color has-x-large-font-size wp-elements-74cc1e4bdd882fb93b7b05cdab0cf06a\">5<\/h3>\n\n\n\n<h3 class=\"wp-block-heading\">P\u0113tnieki<\/h3>\n\n\n\n<p>M\u016bsu komand\u0101 ir 3 vado\u0161ie zin\u0101tnieki, kas specializ\u0113jas re\u0123enerat\u012bvaj\u0101 medic\u012bn\u0101, \u0137\u012bmij\u0101 un MI r\u012bku izstr\u0101d\u0113.<\/p>\n<\/div>\n<\/div>\n<\/div>\n\n\n\n<div class=\"wp-block-column is-vertically-aligned-stretch ext-animate--on is-layout-flow wp-container-core-column-is-layout-f5bb311e wp-block-column-is-layout-flow\">\n<div class=\"wp-block-group is-style-ext-preset--group--natural-1--item-card-1--align-center has-global-padding is-layout-constrained wp-block-group-is-layout-constrained is-style-ext-preset--group--natural-1--item-card-1--align-center--7\">\n<div class=\"wp-block-group is-style-default has-global-padding is-layout-constrained wp-block-group-is-layout-constrained\">\n<h3 class=\"wp-block-heading has-primary-color has-text-color has-link-color has-x-large-font-size wp-elements-b2ebcbc64eb841d1a02bba29ac9d231e\">12<\/h3>\n\n\n\n<h3 class=\"wp-block-heading\">Sadarb\u012bbas partner\u012bbas<\/h3>\n\n\n\n<p>Ir izveidotas 12 akt\u012bvas partner\u012bbas ar akad\u0113miskaj\u0101m un kl\u012bniskaj\u0101m instit\u016bcij\u0101m vis\u0101 pasaul\u0113.<\/p>\n<\/div>\n<\/div>\n<\/div>\n\n\n\n<div class=\"wp-block-column is-vertically-aligned-stretch ext-animate--on is-layout-flow wp-container-core-column-is-layout-f5bb311e wp-block-column-is-layout-flow\">\n<div class=\"wp-block-group is-style-ext-preset--group--natural-1--item-card-1--align-center has-global-padding is-layout-constrained wp-block-group-is-layout-constrained is-style-ext-preset--group--natural-1--item-card-1--align-center--8\">\n<div class=\"wp-block-group is-style-default has-global-padding is-layout-constrained wp-block-group-is-layout-constrained\">\n<h3 class=\"wp-block-heading has-primary-color has-text-color has-link-color has-x-large-font-size wp-elements-8e614bab488bf9af4f7a5a65322e06b0\">3<\/h3>\n\n\n\n<h3 class=\"wp-block-heading\">Pa\u0161reiz\u0113jie projekti<\/h3>\n\n\n\n<p>Pa\u0161laik tr\u012bs inovat\u012bvi projekti virza jaunas pieejas cilmes \u0161\u016bnu \u0101rst\u0113\u0161an\u0101, biomedic\u012bn\u0101 un materi\u0101lzin\u0101tnes pielietojumos.<\/p>\n<\/div>\n<\/div>\n<\/div>\n<\/div>\n<\/div>","protected":false},"excerpt":{"rendered":"<p>Leading Innovations in Stem Cell Therapy Meet the dedicated experts driving DEPCELL&#8217;s groundbreaking research. PhD J\u0101nis Baroni\u0146\u0161 Leading Researcher (project leader) MSC research, chemistry, materials engineering Dr. mol.biol. Uldis B\u0113rzi\u0146\u0161 Leading researcher QP; ATMP (HE); GMP; industry interface Dr.Sc.ing. llm\u0101rs V\u012bksne Leading Researcher AI; big data; mechatronics MS Psych. Aija Rautmane Scientific assistant Customer profiling [&hellip;]<\/p>\n","protected":false},"author":1,"featured_media":363,"parent":0,"menu_order":0,"comment_status":"closed","ping_status":"closed","template":"page-with-title-team","meta":{"_monsterinsights_skip_tracking":false,"_monsterinsights_sitenote_active":false,"_monsterinsights_sitenote_note":"","_monsterinsights_sitenote_category":0,"footnotes":""},"class_list":["post-104","page","type-page","status-publish","has-post-thumbnail","hentry"],"_links":{"self":[{"href":"https:\/\/depcell.com\/lv\/wp-json\/wp\/v2\/pages\/104","targetHints":{"allow":["GET"]}}],"collection":[{"href":"https:\/\/depcell.com\/lv\/wp-json\/wp\/v2\/pages"}],"about":[{"href":"https:\/\/depcell.com\/lv\/wp-json\/wp\/v2\/types\/page"}],"author":[{"embeddable":true,"href":"https:\/\/depcell.com\/lv\/wp-json\/wp\/v2\/users\/1"}],"replies":[{"embeddable":true,"href":"https:\/\/depcell.com\/lv\/wp-json\/wp\/v2\/comments?post=104"}],"version-history":[{"count":10,"href":"https:\/\/depcell.com\/lv\/wp-json\/wp\/v2\/pages\/104\/revisions"}],"predecessor-version":[{"id":362,"href":"https:\/\/depcell.com\/lv\/wp-json\/wp\/v2\/pages\/104\/revisions\/362"}],"wp:featuredmedia":[{"embeddable":true,"href":"https:\/\/depcell.com\/lv\/wp-json\/wp\/v2\/media\/363"}],"wp:attachment":[{"href":"https:\/\/depcell.com\/lv\/wp-json\/wp\/v2\/media?parent=104"}],"curies":[{"name":"wp","href":"https:\/\/api.w.org\/{rel}","templated":true}]}}